{"id":830707,"date":"2025-08-08T18:15:51","date_gmt":"2025-08-08T16:15:51","guid":{"rendered":"https:\/\/lucacastelli.com\/prodotto\/milwaukee-lochsaegen-set-contractor\/"},"modified":"2025-08-08T18:15:51","modified_gmt":"2025-08-08T16:15:51","slug":"milwaukee-lochsaegen-set-contractor","status":"publish","type":"product","link":"https:\/\/lucacastelli.com\/de\/produkt\/milwaukee-lochsaegen-set-contractor\/","title":{"rendered":"MILWAUKEE Lochs\u00e4gen-Set Contractor"},"content":{"rendered":"<p>LOCHS\u00c4GEN-SET 14-TLG. CONTRACTOR 14-tlg.<br \/>\nVariable Zahngeometrie 4\/6 Z\u00e4hne pro Zoll f\u00fcr schnelle Schnitte und universellen Einsatz;Bi-Metall-Zahnkonstruktion f\u00fcr maximale Lebensdauer;F\u00fcr universellen Einsatz: Stahl, NE-Metalle, Gipskarton, Kunststoff<\/p>\n<p>4932464720<br \/>\n4058546226657<\/p>\n","protected":false},"excerpt":{"rendered":"<p>LOCHS\u00c4GEN-SET 14-TLG. CONTRACTOR 14-tlg.<\/p>\n","protected":false},"featured_media":529808,"template":"","meta":{"_seopress_robots_primary_cat":"","_seopress_titles_title":"","_seopress_titles_desc":"","_seopress_robots_index":""},"product_brand":[3407],"product_cat":[29,514,549,550],"product_tag":[3270],"class_list":{"0":"post-830707","1":"product","2":"type-product","3":"status-publish","4":"has-post-thumbnail","6":"product_brand-milwaukee","7":"product_cat-macchinari","8":"product_cat-altri-dispositivi","9":"product_cat-trapani-e-avvitatori","10":"product_cat-accessori-per-trapani-ed-avvitatori","11":"product_tag-import-milwau","12":"sws-conto-ricavi-merci-rivendita-macchinari-de","13":"sws-gruppo-iva-iva81-de","15":"first","16":"onbackorder","17":"shipping-taxable","18":"purchasable","19":"product-type-simple"},"_links":{"self":[{"href":"https:\/\/lucacastelli.com\/de\/wp-json\/wp\/v2\/product\/830707","targetHints":{"allow":["GET"]}}],"collection":[{"href":"https:\/\/lucacastelli.com\/de\/wp-json\/wp\/v2\/product"}],"about":[{"href":"https:\/\/lucacastelli.com\/de\/wp-json\/wp\/v2\/types\/product"}],"wp:featuredmedia":[{"embeddable":true,"href":"https:\/\/lucacastelli.com\/de\/wp-json\/wp\/v2\/media\/529808"}],"wp:attachment":[{"href":"https:\/\/lucacastelli.com\/de\/wp-json\/wp\/v2\/media?parent=830707"}],"wp:term":[{"taxonomy":"product_brand","embeddable":true,"href":"https:\/\/lucacastelli.com\/de\/wp-json\/wp\/v2\/product_brand?post=830707"},{"taxonomy":"product_cat","embeddable":true,"href":"https:\/\/lucacastelli.com\/de\/wp-json\/wp\/v2\/product_cat?post=830707"},{"taxonomy":"product_tag","embeddable":true,"href":"https:\/\/lucacastelli.com\/de\/wp-json\/wp\/v2\/product_tag?post=830707"}],"curies":[{"name":"wp","href":"https:\/\/api.w.org\/{rel}","templated":true}]}}