{"id":830705,"date":"2025-08-08T18:15:50","date_gmt":"2025-08-08T16:15:50","guid":{"rendered":"https:\/\/lucacastelli.com\/prodotto\/milwaukee-sds-plus-bohrer-set-7-tlg\/"},"modified":"2025-08-08T18:15:50","modified_gmt":"2025-08-08T16:15:50","slug":"milwaukee-sds-plus-bohrer-set-7-tlg","status":"publish","type":"product","link":"https:\/\/lucacastelli.com\/de\/produkt\/milwaukee-sds-plus-bohrer-set-7-tlg\/","title":{"rendered":"MILWAUKEE SDS-Plus BOHRER-SET 7-tlg."},"content":{"rendered":"<p>SDS-Plus BOHRER-SET 7-tlg.<br \/>\n3 spezielle aggressive Brecherpunkte erzeugen Mikrorisse im zu bohrenden Material&lt;br&gt;  eine Zentrierspitze bis zu 25 % SCHNELLER&lt;br&gt;  erm\u00f6glicht leichtes und pr\u00e4zises Anbohren ohne Verl\u00e4uft&lt;br&gt;  Verst\u00e4rkungsfasen sch\u00fctzen das Hartmetallelement bei Armierungstreffern und reduzieren das Festfressen&lt;br&gt;  konischer Spiralr\u00fccken: Der schmale, konische Spiralr\u00fccken zur Bohrerspitze hin reduziert die Reibung und erh\u00f6ht dadurch die Bohrgeschwindigkeit&lt;br&gt;  Ideal f\u00fcr den Einsatz mit Bohrh\u00e4mmern&lt;br&gt;  kernverst\u00e4rkte Spirale&lt;br&gt;  gro\u00dfvolumiges Spiraldesign f\u00fcr optimalen Bohrmehltransport&lt;br&gt;  die kernverst\u00e4rkte Spirale d\u00e4mpft Vibrationen, die Schlagenergie wird besser auf die Bohrerspitze \u00fcbertragen und die Bruchfestigkeit wird erh\u00f6ht&lt;br&gt;  Made in Germany&lt;br&gt;  LEBENSDAUER: Gr\u00f6\u00dfere Verst\u00e4rkungsfasen und die kernverst\u00e4rkte Spirale erm\u00f6glichen eine h\u00f6here Kraft\u00fcbertragung, reduzieren Vibrationen und die Bruchgefahr&lt;br&gt;  Set bestehend aus: je einem Bohrer \u2300 5 \/ 6 x 110 mm und \u2300 5,5 \/ 6 \/ 7 \/ 8 \/ 10 x 160 mm in Kunststoff-Packout-Verpackung<\/p>\n<p>4932492116<br \/>\n4058546414832<\/p>\n","protected":false},"excerpt":{"rendered":"<p>SDS-Plus BOHRER-SET 7-tlg.<\/p>\n","protected":false},"featured_media":554956,"template":"","meta":{"_seopress_robots_primary_cat":"","_seopress_titles_title":"","_seopress_titles_desc":"","_seopress_robots_index":""},"product_brand":[3407],"product_cat":[29,514,549,550],"product_tag":[3270],"class_list":{"0":"post-830705","1":"product","2":"type-product","3":"status-publish","4":"has-post-thumbnail","6":"product_brand-milwaukee","7":"product_cat-macchinari","8":"product_cat-altri-dispositivi","9":"product_cat-trapani-e-avvitatori","10":"product_cat-accessori-per-trapani-ed-avvitatori","11":"product_tag-import-milwau","12":"sws-conto-ricavi-merci-rivendita-macchinari-de","13":"sws-gruppo-iva-iva81-de","15":"first","16":"onbackorder","17":"shipping-taxable","18":"purchasable","19":"product-type-simple"},"_links":{"self":[{"href":"https:\/\/lucacastelli.com\/de\/wp-json\/wp\/v2\/product\/830705","targetHints":{"allow":["GET"]}}],"collection":[{"href":"https:\/\/lucacastelli.com\/de\/wp-json\/wp\/v2\/product"}],"about":[{"href":"https:\/\/lucacastelli.com\/de\/wp-json\/wp\/v2\/types\/product"}],"wp:featuredmedia":[{"embeddable":true,"href":"https:\/\/lucacastelli.com\/de\/wp-json\/wp\/v2\/media\/554956"}],"wp:attachment":[{"href":"https:\/\/lucacastelli.com\/de\/wp-json\/wp\/v2\/media?parent=830705"}],"wp:term":[{"taxonomy":"product_brand","embeddable":true,"href":"https:\/\/lucacastelli.com\/de\/wp-json\/wp\/v2\/product_brand?post=830705"},{"taxonomy":"product_cat","embeddable":true,"href":"https:\/\/lucacastelli.com\/de\/wp-json\/wp\/v2\/product_cat?post=830705"},{"taxonomy":"product_tag","embeddable":true,"href":"https:\/\/lucacastelli.com\/de\/wp-json\/wp\/v2\/product_tag?post=830705"}],"curies":[{"name":"wp","href":"https:\/\/api.w.org\/{rel}","templated":true}]}}