{"id":830695,"date":"2025-08-08T18:33:43","date_gmt":"2025-08-08T16:33:43","guid":{"rendered":"https:\/\/lucacastelli.com\/prodotto\/milwaukee-set-glaettklingen-4-stk-fuer-glaettmaschine-mx-fuel-900-mm\/"},"modified":"2025-08-08T18:33:43","modified_gmt":"2025-08-08T16:33:43","slug":"milwaukee-set-glaettklingen-4-stk-fuer-glaettmaschine-mx-fuel-900-mm","status":"publish","type":"product","link":"https:\/\/lucacastelli.com\/de\/produkt\/milwaukee-set-glaettklingen-4-stk-fuer-glaettmaschine-mx-fuel-900-mm\/","title":{"rendered":"MILWAUKEE Set Gl\u00e4ttklingen 4 Stk. f\u00fcr Gl\u00e4ttmaschine MX FUEL\u2122 900 mm"},"content":{"rendered":"<p>MXFWBT90 900 mm Gl\u00e4ttklingen 4 Stk. Set<br \/>\nGl\u00e4ttkufen f\u00fcr die MX FUEL\u2122 900 Gl\u00e4ttmaschine;Als Alternative zu den Gl\u00e4ttscheiben k\u00f6nnen die Gl\u00e4ttkufen auf die vorhandenen Polierklingen montiert werden;Aus robustem Stahl gefertigt<\/p>\n<p>4932498922<br \/>\n4058546527914<\/p>\n","protected":false},"excerpt":{"rendered":"<p>MXFWBT90 900 mm Gl\u00e4ttklingen 4 Stk. Set<\/p>\n","protected":false},"featured_media":599637,"template":"","meta":{"_seopress_robots_primary_cat":"","_seopress_titles_title":"","_seopress_titles_desc":"","_seopress_robots_index":""},"product_brand":[3407],"product_cat":[5416,33],"product_tag":[3270],"class_list":{"0":"post-830695","1":"product","2":"type-product","3":"status-publish","4":"has-post-thumbnail","6":"product_brand-milwaukee","7":"product_cat-utensili-per-officina","8":"product_cat-attrezzature","9":"product_tag-import-milwau","10":"sws-conto-ricavi-merci-rivendita-macchinari-de","11":"sws-gruppo-iva-iva81-de","13":"first","14":"onbackorder","15":"sale","16":"shipping-taxable","17":"purchasable","18":"product-type-simple"},"_links":{"self":[{"href":"https:\/\/lucacastelli.com\/de\/wp-json\/wp\/v2\/product\/830695","targetHints":{"allow":["GET"]}}],"collection":[{"href":"https:\/\/lucacastelli.com\/de\/wp-json\/wp\/v2\/product"}],"about":[{"href":"https:\/\/lucacastelli.com\/de\/wp-json\/wp\/v2\/types\/product"}],"wp:featuredmedia":[{"embeddable":true,"href":"https:\/\/lucacastelli.com\/de\/wp-json\/wp\/v2\/media\/599637"}],"wp:attachment":[{"href":"https:\/\/lucacastelli.com\/de\/wp-json\/wp\/v2\/media?parent=830695"}],"wp:term":[{"taxonomy":"product_brand","embeddable":true,"href":"https:\/\/lucacastelli.com\/de\/wp-json\/wp\/v2\/product_brand?post=830695"},{"taxonomy":"product_cat","embeddable":true,"href":"https:\/\/lucacastelli.com\/de\/wp-json\/wp\/v2\/product_cat?post=830695"},{"taxonomy":"product_tag","embeddable":true,"href":"https:\/\/lucacastelli.com\/de\/wp-json\/wp\/v2\/product_tag?post=830695"}],"curies":[{"name":"wp","href":"https:\/\/api.w.org\/{rel}","templated":true}]}}