{"id":830691,"date":"2025-08-08T18:33:46","date_gmt":"2025-08-08T16:33:46","guid":{"rendered":"https:\/\/lucacastelli.com\/prodotto\/milwaukee-fraeser-set-schaft-12-6-teilig\/"},"modified":"2025-08-08T18:33:46","modified_gmt":"2025-08-08T16:33:46","slug":"milwaukee-fraeser-set-schaft-12-6-teilig","status":"publish","type":"product","link":"https:\/\/lucacastelli.com\/de\/produkt\/milwaukee-fraeser-set-schaft-12-6-teilig\/","title":{"rendered":"MILWAUKEE Fr\u00e4ser-Set Schaft 12 &#8211; 6-teilig"},"content":{"rendered":"<p>FR\u00c4SER-SET 6-TLG. SCHAFT 12 MM<br \/>\nDiamantgeschliffenes Feinkorn-Hartmetall f\u00fcr sch\u00e4rfere Schneiden, beste Oberfl\u00e4cheng\u00fcte und minimale Spanbildung; lasermarkierte Ma\u00dfe auf dem Schaft zur einfachen Identifizierung<\/p>\n<p>4932493578<br \/>\n4058546484491<\/p>\n","protected":false},"excerpt":{"rendered":"<p>FR\u00c4SER-SET 6-TLG. SCHAFT 12 MM<\/p>\n","protected":false},"featured_media":562720,"template":"","meta":{"_seopress_robots_primary_cat":"","_seopress_titles_title":"","_seopress_titles_desc":"","_seopress_robots_index":""},"product_brand":[3407],"product_cat":[5416,33],"product_tag":[3270],"class_list":{"0":"post-830691","1":"product","2":"type-product","3":"status-publish","4":"has-post-thumbnail","6":"product_brand-milwaukee","7":"product_cat-utensili-per-officina","8":"product_cat-attrezzature","9":"product_tag-import-milwau","10":"sws-conto-ricavi-merci-rivendita-macchinari-de","11":"sws-gruppo-iva-iva81-de","13":"first","14":"onbackorder","15":"sale","16":"shipping-taxable","17":"purchasable","18":"product-type-simple"},"_links":{"self":[{"href":"https:\/\/lucacastelli.com\/de\/wp-json\/wp\/v2\/product\/830691","targetHints":{"allow":["GET"]}}],"collection":[{"href":"https:\/\/lucacastelli.com\/de\/wp-json\/wp\/v2\/product"}],"about":[{"href":"https:\/\/lucacastelli.com\/de\/wp-json\/wp\/v2\/types\/product"}],"wp:featuredmedia":[{"embeddable":true,"href":"https:\/\/lucacastelli.com\/de\/wp-json\/wp\/v2\/media\/562720"}],"wp:attachment":[{"href":"https:\/\/lucacastelli.com\/de\/wp-json\/wp\/v2\/media?parent=830691"}],"wp:term":[{"taxonomy":"product_brand","embeddable":true,"href":"https:\/\/lucacastelli.com\/de\/wp-json\/wp\/v2\/product_brand?post=830691"},{"taxonomy":"product_cat","embeddable":true,"href":"https:\/\/lucacastelli.com\/de\/wp-json\/wp\/v2\/product_cat?post=830691"},{"taxonomy":"product_tag","embeddable":true,"href":"https:\/\/lucacastelli.com\/de\/wp-json\/wp\/v2\/product_tag?post=830691"}],"curies":[{"name":"wp","href":"https:\/\/api.w.org\/{rel}","templated":true}]}}