{"id":830685,"date":"2025-08-08T18:33:50","date_gmt":"2025-08-08T16:33:50","guid":{"rendered":"https:\/\/lucacastelli.com\/prodotto\/milwaukee-fraesersatz-schaft-12-7-1-2%cb%9d-6-teilig\/"},"modified":"2025-08-08T18:33:50","modified_gmt":"2025-08-08T16:33:50","slug":"milwaukee-fraesersatz-schaft-12-7-1-2%cb%9d-6-teilig","status":"publish","type":"product","link":"https:\/\/lucacastelli.com\/de\/produkt\/milwaukee-fraesersatz-schaft-12-7-1-2%cb%9d-6-teilig\/","title":{"rendered":"MILWAUKEE Fr\u00e4sersatz Schaft 12.7 (1\/2\u02dd) &#8211; 6-teilig"},"content":{"rendered":"<p>FR\u00c4SERSATZ 6-TLG. SCHAFT 12.7 MM<br \/>\nFr\u00e4ser mit 12.7 mm (1\/2 Zoll) Schaft mit Hartmetallschneiden in Industriequalit\u00e4t; diamantgeschliffenes Mikrofeinkorn-Hartmetall f\u00fcr sch\u00e4rfere Kanten, ein besseres Finish und weniger Splittern<\/p>\n<p>4932493579<br \/>\n4058546484507<\/p>\n","protected":false},"excerpt":{"rendered":"<p>FR\u00c4SERSATZ 6-TLG. SCHAFT 12.7 MM<\/p>\n","protected":false},"featured_media":562725,"template":"","meta":{"_seopress_robots_primary_cat":"","_seopress_titles_title":"","_seopress_titles_desc":"","_seopress_robots_index":""},"product_brand":[3407],"product_cat":[5416,33],"product_tag":[3270],"class_list":{"0":"post-830685","1":"product","2":"type-product","3":"status-publish","4":"has-post-thumbnail","6":"product_brand-milwaukee","7":"product_cat-utensili-per-officina","8":"product_cat-attrezzature","9":"product_tag-import-milwau","10":"sws-conto-ricavi-merci-rivendita-macchinari-de","11":"sws-gruppo-iva-iva81-de","13":"first","14":"onbackorder","15":"sale","16":"shipping-taxable","17":"purchasable","18":"product-type-simple"},"_links":{"self":[{"href":"https:\/\/lucacastelli.com\/de\/wp-json\/wp\/v2\/product\/830685","targetHints":{"allow":["GET"]}}],"collection":[{"href":"https:\/\/lucacastelli.com\/de\/wp-json\/wp\/v2\/product"}],"about":[{"href":"https:\/\/lucacastelli.com\/de\/wp-json\/wp\/v2\/types\/product"}],"wp:featuredmedia":[{"embeddable":true,"href":"https:\/\/lucacastelli.com\/de\/wp-json\/wp\/v2\/media\/562725"}],"wp:attachment":[{"href":"https:\/\/lucacastelli.com\/de\/wp-json\/wp\/v2\/media?parent=830685"}],"wp:term":[{"taxonomy":"product_brand","embeddable":true,"href":"https:\/\/lucacastelli.com\/de\/wp-json\/wp\/v2\/product_brand?post=830685"},{"taxonomy":"product_cat","embeddable":true,"href":"https:\/\/lucacastelli.com\/de\/wp-json\/wp\/v2\/product_cat?post=830685"},{"taxonomy":"product_tag","embeddable":true,"href":"https:\/\/lucacastelli.com\/de\/wp-json\/wp\/v2\/product_tag?post=830685"}],"curies":[{"name":"wp","href":"https:\/\/api.w.org\/{rel}","templated":true}]}}