{"id":830684,"date":"2025-08-08T18:33:52","date_gmt":"2025-08-08T16:33:52","guid":{"rendered":"https:\/\/lucacastelli.com\/prodotto\/milwaukee-1000-v-isoliertes-werkzeugset-nr-2-in-weichschaumeinlage-4-tlg\/"},"modified":"2025-08-08T18:33:52","modified_gmt":"2025-08-08T16:33:52","slug":"milwaukee-1000-v-isoliertes-werkzeugset-nr-2-in-weichschaumeinlage-4-tlg","status":"publish","type":"product","link":"https:\/\/lucacastelli.com\/de\/produkt\/milwaukee-1000-v-isoliertes-werkzeugset-nr-2-in-weichschaumeinlage-4-tlg\/","title":{"rendered":"MILWAUKEE 1000 V isoliertes Werkzeugset Nr. 2 in Weichschaumeinlage &#8211; 4-tlg."},"content":{"rendered":"<p>ISOLIERTES WERKZEUGSET 1000 V NR. 2 WEICHSCHAUMEINLAGE<br \/>\nEinlage f\u00fcr 30 Zoll \/ 78 cm Werkstattwagen;VDE-zertifizierte Werkzeuge (DIN EN\/IEC 60900). Gepr\u00fcft bis 10.000 V und garantiert bis 1.000 V;Vollgeschmiedete und geh\u00e4rtete Stahlklingen f\u00fcr maximale Langlebigkeit;Induktiv geh\u00e4rtete Schneiden;Verbesserte Kraft\u00fcbertragung;Ergonomischer Griff <\/p>\n<p>4932493460<br \/>\n4058546483319<\/p>\n","protected":false},"excerpt":{"rendered":"<p>ISOLIERTES WERKZEUGSET 1000 V NR. 2 WEICHSCHAUMEINLAGE<\/p>\n","protected":false},"featured_media":562422,"template":"","meta":{"_seopress_robots_primary_cat":"","_seopress_titles_title":"","_seopress_titles_desc":"","_seopress_robots_index":""},"product_brand":[3407],"product_cat":[5416,33],"product_tag":[3270],"class_list":{"0":"post-830684","1":"product","2":"type-product","3":"status-publish","4":"has-post-thumbnail","6":"product_brand-milwaukee","7":"product_cat-utensili-per-officina","8":"product_cat-attrezzature","9":"product_tag-import-milwau","10":"sws-conto-ricavi-merci-rivendita-macchinari-de","11":"sws-gruppo-iva-iva81-de","13":"first","14":"onbackorder","15":"sale","16":"shipping-taxable","17":"purchasable","18":"product-type-simple"},"_links":{"self":[{"href":"https:\/\/lucacastelli.com\/de\/wp-json\/wp\/v2\/product\/830684","targetHints":{"allow":["GET"]}}],"collection":[{"href":"https:\/\/lucacastelli.com\/de\/wp-json\/wp\/v2\/product"}],"about":[{"href":"https:\/\/lucacastelli.com\/de\/wp-json\/wp\/v2\/types\/product"}],"wp:featuredmedia":[{"embeddable":true,"href":"https:\/\/lucacastelli.com\/de\/wp-json\/wp\/v2\/media\/562422"}],"wp:attachment":[{"href":"https:\/\/lucacastelli.com\/de\/wp-json\/wp\/v2\/media?parent=830684"}],"wp:term":[{"taxonomy":"product_brand","embeddable":true,"href":"https:\/\/lucacastelli.com\/de\/wp-json\/wp\/v2\/product_brand?post=830684"},{"taxonomy":"product_cat","embeddable":true,"href":"https:\/\/lucacastelli.com\/de\/wp-json\/wp\/v2\/product_cat?post=830684"},{"taxonomy":"product_tag","embeddable":true,"href":"https:\/\/lucacastelli.com\/de\/wp-json\/wp\/v2\/product_tag?post=830684"}],"curies":[{"name":"wp","href":"https:\/\/api.w.org\/{rel}","templated":true}]}}