{"id":830681,"date":"2025-08-08T18:33:54","date_gmt":"2025-08-08T16:33:54","guid":{"rendered":"https:\/\/lucacastelli.com\/prodotto\/milwaukee-allgemeines-werkzeugset-in-weichschaummodul\/"},"modified":"2025-08-08T18:33:54","modified_gmt":"2025-08-08T16:33:54","slug":"milwaukee-allgemeines-werkzeugset-in-weichschaummodul","status":"publish","type":"product","link":"https:\/\/lucacastelli.com\/de\/produkt\/milwaukee-allgemeines-werkzeugset-in-weichschaummodul\/","title":{"rendered":"MILWAUKEE Allgemeines Werkzeugset in Weichschaummodul"},"content":{"rendered":"<p>ALLGEMEINES WERKZEUGSET WEICHSCHAUMMODUL<br \/>\nLange Innensechskantschl\u00fcssel-Set mit Kugelkopf: Kugelkopf f\u00fcr Schraubenzugang bis 30\u00b0 Neigung; Zangen: Induktionsgeh\u00e4rtete Spitzen zum Schneiden harter und d\u00fcnner Dr\u00e4hte; Hickory-Hammer deutscher Typ: Der Hickory-Holzgriff reduziert Vibrationen; Metalls\u00e4ge: Hartmetallrahmen f\u00fcr hohe S\u00e4geblattspannungen (25.000 psi \/ 250 lbs); Massband Premium-Serie: Kompaktes und ergonomisches Design<\/p>\n<p>4932493257<br \/>\n4058546481285<\/p>\n","protected":false},"excerpt":{"rendered":"<p>ALLGEMEINES WERKZEUGSET WEICHSCHAUMMODUL<\/p>\n","protected":false},"featured_media":561931,"template":"","meta":{"_seopress_robots_primary_cat":"","_seopress_titles_title":"","_seopress_titles_desc":"","_seopress_robots_index":""},"product_brand":[3407],"product_cat":[5416,33],"product_tag":[3270],"class_list":{"0":"post-830681","1":"product","2":"type-product","3":"status-publish","4":"has-post-thumbnail","6":"product_brand-milwaukee","7":"product_cat-utensili-per-officina","8":"product_cat-attrezzature","9":"product_tag-import-milwau","10":"sws-conto-ricavi-merci-rivendita-macchinari-de","11":"sws-gruppo-iva-iva81-de","13":"first","14":"onbackorder","15":"sale","16":"shipping-taxable","17":"purchasable","18":"product-type-simple"},"_links":{"self":[{"href":"https:\/\/lucacastelli.com\/de\/wp-json\/wp\/v2\/product\/830681","targetHints":{"allow":["GET"]}}],"collection":[{"href":"https:\/\/lucacastelli.com\/de\/wp-json\/wp\/v2\/product"}],"about":[{"href":"https:\/\/lucacastelli.com\/de\/wp-json\/wp\/v2\/types\/product"}],"wp:featuredmedia":[{"embeddable":true,"href":"https:\/\/lucacastelli.com\/de\/wp-json\/wp\/v2\/media\/561931"}],"wp:attachment":[{"href":"https:\/\/lucacastelli.com\/de\/wp-json\/wp\/v2\/media?parent=830681"}],"wp:term":[{"taxonomy":"product_brand","embeddable":true,"href":"https:\/\/lucacastelli.com\/de\/wp-json\/wp\/v2\/product_brand?post=830681"},{"taxonomy":"product_cat","embeddable":true,"href":"https:\/\/lucacastelli.com\/de\/wp-json\/wp\/v2\/product_cat?post=830681"},{"taxonomy":"product_tag","embeddable":true,"href":"https:\/\/lucacastelli.com\/de\/wp-json\/wp\/v2\/product_tag?post=830681"}],"curies":[{"name":"wp","href":"https:\/\/api.w.org\/{rel}","templated":true}]}}