{"id":830679,"date":"2025-08-08T18:33:58","date_gmt":"2025-08-08T16:33:58","guid":{"rendered":"https:\/\/lucacastelli.com\/prodotto\/milwaukee-sicherungsringzangen-set-in-weichschaumeinlage\/"},"modified":"2025-08-08T18:33:58","modified_gmt":"2025-08-08T16:33:58","slug":"milwaukee-sicherungsringzangen-set-in-weichschaumeinlage","status":"publish","type":"product","link":"https:\/\/lucacastelli.com\/de\/produkt\/milwaukee-sicherungsringzangen-set-in-weichschaumeinlage\/","title":{"rendered":"MILWAUKEE Sicherungsringzangen-Set in Weichschaumeinlage"},"content":{"rendered":"<p>SET SICHERUNGSRINGZANGEN NR. 2 WEICHSCHAUM<br \/>\nRutschfestes Einstellrad f\u00fcr einfaches und schnelles Umstellen von Innen- auf Au\u00dfenanwendung.;Einstellrad aus Vollmetall f\u00fcr hohe Verschlei\u00dffestigkeit und maximale Gelenkstabilit\u00e4t.;Rutschfeste, doppelt getauchte Griffe.;Hochwertige Schaumstoffeinlage.<\/p>\n<p>4932493633<br \/>\n4058546485047<\/p>\n","protected":false},"excerpt":{"rendered":"<p>SET SICHERUNGSRINGZANGEN NR. 2 WEICHSCHAUM<\/p>\n","protected":false},"featured_media":562967,"template":"","meta":{"_seopress_robots_primary_cat":"","_seopress_titles_title":"","_seopress_titles_desc":"","_seopress_robots_index":""},"product_brand":[3407],"product_cat":[5416,33],"product_tag":[3270],"class_list":{"0":"post-830679","1":"product","2":"type-product","3":"status-publish","4":"has-post-thumbnail","6":"product_brand-milwaukee","7":"product_cat-utensili-per-officina","8":"product_cat-attrezzature","9":"product_tag-import-milwau","10":"sws-conto-ricavi-merci-rivendita-macchinari-de","11":"sws-gruppo-iva-iva81-de","13":"first","14":"onbackorder","15":"sale","16":"shipping-taxable","17":"purchasable","18":"product-type-simple"},"_links":{"self":[{"href":"https:\/\/lucacastelli.com\/de\/wp-json\/wp\/v2\/product\/830679","targetHints":{"allow":["GET"]}}],"collection":[{"href":"https:\/\/lucacastelli.com\/de\/wp-json\/wp\/v2\/product"}],"about":[{"href":"https:\/\/lucacastelli.com\/de\/wp-json\/wp\/v2\/types\/product"}],"wp:featuredmedia":[{"embeddable":true,"href":"https:\/\/lucacastelli.com\/de\/wp-json\/wp\/v2\/media\/562967"}],"wp:attachment":[{"href":"https:\/\/lucacastelli.com\/de\/wp-json\/wp\/v2\/media?parent=830679"}],"wp:term":[{"taxonomy":"product_brand","embeddable":true,"href":"https:\/\/lucacastelli.com\/de\/wp-json\/wp\/v2\/product_brand?post=830679"},{"taxonomy":"product_cat","embeddable":true,"href":"https:\/\/lucacastelli.com\/de\/wp-json\/wp\/v2\/product_cat?post=830679"},{"taxonomy":"product_tag","embeddable":true,"href":"https:\/\/lucacastelli.com\/de\/wp-json\/wp\/v2\/product_tag?post=830679"}],"curies":[{"name":"wp","href":"https:\/\/api.w.org\/{rel}","templated":true}]}}