{"id":830674,"date":"2025-08-08T18:33:34","date_gmt":"2025-08-08T16:33:34","guid":{"rendered":"https:\/\/lucacastelli.com\/prodotto\/milwaukee-verlaengerungsset-3-8%cb%9d-vierkant\/"},"modified":"2025-08-08T18:33:34","modified_gmt":"2025-08-08T16:33:34","slug":"milwaukee-verlaengerungsset-3-8%cb%9d-vierkant","status":"publish","type":"product","link":"https:\/\/lucacastelli.com\/de\/produkt\/milwaukee-verlaengerungsset-3-8%cb%9d-vierkant\/","title":{"rendered":"MILWAUKEE Verl\u00e4ngerungsset 3\/8\u02dd Vierkant"},"content":{"rendered":"<p>SET 4 STK. VERL\u00c4NGERUNGEN 3\/8&#8221;<br \/>\nGer\u00e4ndelte Griffzone f\u00fcr besseren Halt bei manuellen Arbeiten; aufgedruckte Ma\u00dfangaben f\u00fcr gute Identifizierung; kompakte Aufbewahrungsl\u00f6sung f\u00fcr ideale Lagerung; hochwertige Verchromung bietet idealen Schutz gegen Rost<\/p>\n<p>4932480638<br \/>\n4058546409234<\/p>\n","protected":false},"excerpt":{"rendered":"<p>SET 4 STK. VERL\u00c4NGERUNGEN 3\/8&#8221;<\/p>\n","protected":false},"featured_media":553036,"template":"","meta":{"_seopress_robots_primary_cat":"","_seopress_titles_title":"","_seopress_titles_desc":"","_seopress_robots_index":""},"product_brand":[3656],"product_cat":[5529,150],"product_tag":[3270],"class_list":{"0":"post-830674","1":"product","2":"type-product","3":"status-publish","4":"has-post-thumbnail","6":"product_brand-milwaukee-de","7":"product_cat-workshop-tools","8":"product_cat-ausrustung","9":"product_tag-import-milwau","10":"sws-conto-ricavi-merci-rivendita-macchinari-de","11":"sws-gruppo-iva-iva81-de","13":"first","14":"onbackorder","15":"sale","16":"shipping-taxable","17":"purchasable","18":"product-type-simple"},"_links":{"self":[{"href":"https:\/\/lucacastelli.com\/de\/wp-json\/wp\/v2\/product\/830674","targetHints":{"allow":["GET"]}}],"collection":[{"href":"https:\/\/lucacastelli.com\/de\/wp-json\/wp\/v2\/product"}],"about":[{"href":"https:\/\/lucacastelli.com\/de\/wp-json\/wp\/v2\/types\/product"}],"wp:featuredmedia":[{"embeddable":true,"href":"https:\/\/lucacastelli.com\/de\/wp-json\/wp\/v2\/media\/553036"}],"wp:attachment":[{"href":"https:\/\/lucacastelli.com\/de\/wp-json\/wp\/v2\/media?parent=830674"}],"wp:term":[{"taxonomy":"product_brand","embeddable":true,"href":"https:\/\/lucacastelli.com\/de\/wp-json\/wp\/v2\/product_brand?post=830674"},{"taxonomy":"product_cat","embeddable":true,"href":"https:\/\/lucacastelli.com\/de\/wp-json\/wp\/v2\/product_cat?post=830674"},{"taxonomy":"product_tag","embeddable":true,"href":"https:\/\/lucacastelli.com\/de\/wp-json\/wp\/v2\/product_tag?post=830674"}],"curies":[{"name":"wp","href":"https:\/\/api.w.org\/{rel}","templated":true}]}}