{"id":830672,"date":"2025-08-08T18:33:33","date_gmt":"2025-08-08T16:33:33","guid":{"rendered":"https:\/\/lucacastelli.com\/prodotto\/milwaukee-schwenkverlaengerungs-set-%c2%bc%e2%80%b3\/"},"modified":"2025-08-08T18:33:33","modified_gmt":"2025-08-08T16:33:33","slug":"milwaukee-schwenkverlaengerungs-set-%c2%bc%e2%80%b3","status":"publish","type":"product","link":"https:\/\/lucacastelli.com\/de\/produkt\/milwaukee-schwenkverlaengerungs-set-%c2%bc%e2%80%b3\/","title":{"rendered":"MILWAUKEE Schwenkverl\u00e4ngerungs-Set \u00bc\u2033"},"content":{"rendered":"<p>1\/4IN Drive Wobble Extension Set 4pc<br \/>\nDie Schwenkfunktion bietet idealen Zugang zu engen Baur\u00e4umen und kann auch als Standardverl\u00e4ngerung verwendet werden;Geriffelter Griffbereich f\u00fcr besseren Halt beim Arbeiten mit den H\u00e4nden;Kompakte L\u00f6sung f\u00fcr ideale Aufbewahrung;Hochwertige Verchromung bietet idealen Rostschutz;Eingestempelte Gr\u00f6\u00dfenangabe zur einfachen Identifizierung<\/p>\n<p>4932480640<br \/>\n4058546409258<\/p>\n","protected":false},"excerpt":{"rendered":"<p>1\/4IN Drive Wobble Extension Set 4pc<\/p>\n","protected":false},"featured_media":553074,"template":"","meta":{"_seopress_robots_primary_cat":"","_seopress_titles_title":"","_seopress_titles_desc":"","_seopress_robots_index":""},"product_brand":[3407],"product_cat":[5416,33],"product_tag":[3270],"class_list":{"0":"post-830672","1":"product","2":"type-product","3":"status-publish","4":"has-post-thumbnail","6":"product_brand-milwaukee","7":"product_cat-utensili-per-officina","8":"product_cat-attrezzature","9":"product_tag-import-milwau","10":"sws-conto-ricavi-merci-rivendita-macchinari-de","11":"sws-gruppo-iva-iva81-de","13":"first","14":"onbackorder","15":"sale","16":"shipping-taxable","17":"purchasable","18":"product-type-simple"},"_links":{"self":[{"href":"https:\/\/lucacastelli.com\/de\/wp-json\/wp\/v2\/product\/830672","targetHints":{"allow":["GET"]}}],"collection":[{"href":"https:\/\/lucacastelli.com\/de\/wp-json\/wp\/v2\/product"}],"about":[{"href":"https:\/\/lucacastelli.com\/de\/wp-json\/wp\/v2\/types\/product"}],"wp:featuredmedia":[{"embeddable":true,"href":"https:\/\/lucacastelli.com\/de\/wp-json\/wp\/v2\/media\/553074"}],"wp:attachment":[{"href":"https:\/\/lucacastelli.com\/de\/wp-json\/wp\/v2\/media?parent=830672"}],"wp:term":[{"taxonomy":"product_brand","embeddable":true,"href":"https:\/\/lucacastelli.com\/de\/wp-json\/wp\/v2\/product_brand?post=830672"},{"taxonomy":"product_cat","embeddable":true,"href":"https:\/\/lucacastelli.com\/de\/wp-json\/wp\/v2\/product_cat?post=830672"},{"taxonomy":"product_tag","embeddable":true,"href":"https:\/\/lucacastelli.com\/de\/wp-json\/wp\/v2\/product_tag?post=830672"}],"curies":[{"name":"wp","href":"https:\/\/api.w.org\/{rel}","templated":true}]}}