{"id":830666,"date":"2025-08-08T18:33:36","date_gmt":"2025-08-08T16:33:36","guid":{"rendered":"https:\/\/lucacastelli.com\/prodotto\/milwaukee-verlaengerungssatz-1-2%e2%80%b3-vierkant\/"},"modified":"2025-08-08T18:33:36","modified_gmt":"2025-08-08T16:33:36","slug":"milwaukee-verlaengerungssatz-1-2%e2%80%b3-vierkant","status":"publish","type":"product","link":"https:\/\/lucacastelli.com\/de\/produkt\/milwaukee-verlaengerungssatz-1-2%e2%80%b3-vierkant\/","title":{"rendered":"MILWAUKEE Verl\u00e4ngerungssatz 1\/2\u2033-Vierkant"},"content":{"rendered":"<p>4-TLG. VERL\u00c4NGERUNGSSATZ 1\/2&#8221;<br \/>\nR\u00e4ndelung f\u00fcr besseren Halt bei manuellen Arbeiten; eingestempelte Gr\u00f6\u00dfenmarkierungen zur einfachen Identifizierung; kompakte Aufbewahrungsl\u00f6sung f\u00fcr ideale Lagerung; hochwertige Verchromung bietet idealen Rostschutz<\/p>\n<p>4932480639<br \/>\n4058546409241<\/p>\n","protected":false},"excerpt":{"rendered":"<p>4-TLG. VERL\u00c4NGERUNGSSATZ 1\/2&#8221;<\/p>\n","protected":false},"featured_media":553057,"template":"","meta":{"_seopress_robots_primary_cat":"","_seopress_titles_title":"","_seopress_titles_desc":"","_seopress_robots_index":""},"product_brand":[3407],"product_cat":[5416,33],"product_tag":[3270],"class_list":{"0":"post-830666","1":"product","2":"type-product","3":"status-publish","4":"has-post-thumbnail","6":"product_brand-milwaukee","7":"product_cat-utensili-per-officina","8":"product_cat-attrezzature","9":"product_tag-import-milwau","10":"sws-conto-ricavi-merci-rivendita-macchinari-de","11":"sws-gruppo-iva-iva81-de","13":"first","14":"onbackorder","15":"sale","16":"shipping-taxable","17":"purchasable","18":"product-type-simple"},"_links":{"self":[{"href":"https:\/\/lucacastelli.com\/de\/wp-json\/wp\/v2\/product\/830666","targetHints":{"allow":["GET"]}}],"collection":[{"href":"https:\/\/lucacastelli.com\/de\/wp-json\/wp\/v2\/product"}],"about":[{"href":"https:\/\/lucacastelli.com\/de\/wp-json\/wp\/v2\/types\/product"}],"wp:featuredmedia":[{"embeddable":true,"href":"https:\/\/lucacastelli.com\/de\/wp-json\/wp\/v2\/media\/553057"}],"wp:attachment":[{"href":"https:\/\/lucacastelli.com\/de\/wp-json\/wp\/v2\/media?parent=830666"}],"wp:term":[{"taxonomy":"product_brand","embeddable":true,"href":"https:\/\/lucacastelli.com\/de\/wp-json\/wp\/v2\/product_brand?post=830666"},{"taxonomy":"product_cat","embeddable":true,"href":"https:\/\/lucacastelli.com\/de\/wp-json\/wp\/v2\/product_cat?post=830666"},{"taxonomy":"product_tag","embeddable":true,"href":"https:\/\/lucacastelli.com\/de\/wp-json\/wp\/v2\/product_tag?post=830666"}],"curies":[{"name":"wp","href":"https:\/\/api.w.org\/{rel}","templated":true}]}}