{"id":830657,"date":"2025-08-08T18:15:54","date_gmt":"2025-08-08T16:15:54","guid":{"rendered":"https:\/\/lucacastelli.com\/prodotto\/milwaukee-shockwave-set-32-tlg-schrauben-torx\/"},"modified":"2025-08-08T18:15:54","modified_gmt":"2025-08-08T16:15:54","slug":"milwaukee-shockwave-set-32-tlg-schrauben-torx","status":"publish","type":"product","link":"https:\/\/lucacastelli.com\/de\/produkt\/milwaukee-shockwave-set-32-tlg-schrauben-torx\/","title":{"rendered":"MILWAUKEE Shockwave Set 32-tlg. &#8211; Schrauben &#8211; Torx"},"content":{"rendered":"<p>32-tlg. SHOCKWAVE SCHRAUBER-SET &#8211; TORX 32-tlg.<br \/>\nEntwickelt f\u00fcr den Einsatz mit Schlagschraubern. Diese Zubeh\u00f6rlinie ist nicht nur ideal f\u00fcr schwere Anwendungen, sondern bietet auch eine Komplettl\u00f6sung f\u00fcr alle Befestigungsanforderungen;Shockwave Shock Zone &#8211; f\u00fcr extreme Flexibilit\u00e4t konzipiert;Die Shock Zone reduziert die Belastung der Bitspitze, was zu weniger Br\u00fcchen f\u00fchrt. Die Kombination aus Shock Zone Design und spezieller W\u00e4rmebehandlung macht den Bit extrem widerstandsf\u00e4hig;Diese Serie von Bits und Magnethaltern wird durch eine spezielle W\u00e4rmebehandlung des Stahls hergestellt. Dieses Verfahren macht den Stahl noch h\u00e4rter als S2-Stahl (der in Standardversionen verwendet wird);Spezieller von Milwaukee entwickelter Stahl mit einer Sonderformel, die ihn widerstandsf\u00e4higer gegen Torsionsbelastungen macht   <\/p>\n<p>4932471586<br \/>\n4058546294854<\/p>\n","protected":false},"excerpt":{"rendered":"<p>32-tlg. SHOCKWAVE SCHRAUBER-SET &#8211; TORX 32-tlg.<\/p>\n","protected":false},"featured_media":537097,"template":"","meta":{"_seopress_robots_primary_cat":"","_seopress_titles_title":"","_seopress_titles_desc":"","_seopress_robots_index":""},"product_brand":[3407],"product_cat":[29,514,549,550],"product_tag":[3270],"class_list":{"0":"post-830657","1":"product","2":"type-product","3":"status-publish","4":"has-post-thumbnail","6":"product_brand-milwaukee","7":"product_cat-macchinari","8":"product_cat-altri-dispositivi","9":"product_cat-trapani-e-avvitatori","10":"product_cat-accessori-per-trapani-ed-avvitatori","11":"product_tag-import-milwau","12":"sws-conto-ricavi-merci-rivendita-macchinari-de","13":"sws-gruppo-iva-iva81-de","15":"first","16":"onbackorder","17":"shipping-taxable","18":"purchasable","19":"product-type-simple"},"_links":{"self":[{"href":"https:\/\/lucacastelli.com\/de\/wp-json\/wp\/v2\/product\/830657","targetHints":{"allow":["GET"]}}],"collection":[{"href":"https:\/\/lucacastelli.com\/de\/wp-json\/wp\/v2\/product"}],"about":[{"href":"https:\/\/lucacastelli.com\/de\/wp-json\/wp\/v2\/types\/product"}],"wp:featuredmedia":[{"embeddable":true,"href":"https:\/\/lucacastelli.com\/de\/wp-json\/wp\/v2\/media\/537097"}],"wp:attachment":[{"href":"https:\/\/lucacastelli.com\/de\/wp-json\/wp\/v2\/media?parent=830657"}],"wp:term":[{"taxonomy":"product_brand","embeddable":true,"href":"https:\/\/lucacastelli.com\/de\/wp-json\/wp\/v2\/product_brand?post=830657"},{"taxonomy":"product_cat","embeddable":true,"href":"https:\/\/lucacastelli.com\/de\/wp-json\/wp\/v2\/product_cat?post=830657"},{"taxonomy":"product_tag","embeddable":true,"href":"https:\/\/lucacastelli.com\/de\/wp-json\/wp\/v2\/product_tag?post=830657"}],"curies":[{"name":"wp","href":"https:\/\/api.w.org\/{rel}","templated":true}]}}