{"id":830654,"date":"2025-08-08T18:08:03","date_gmt":"2025-08-08T16:08:03","guid":{"rendered":"https:\/\/lucacastelli.com\/prodotto\/milwaukee-selbstvorschubbohrer-switchblade-5\/"},"modified":"2025-08-08T18:08:03","modified_gmt":"2025-08-08T16:08:03","slug":"milwaukee-selbstvorschubbohrer-switchblade-5","status":"publish","type":"product","link":"https:\/\/lucacastelli.com\/de\/produkt\/milwaukee-selbstvorschubbohrer-switchblade-5\/","title":{"rendered":"MILWAUKEE Selbstvorschubbohrer SWITCHBLADE"},"content":{"rendered":"<p>Holzbohrer Selbstvorschubbohrer 35 mm &#8211; 1 Stk.<br \/>\nAlle Gr\u00f6\u00dfen sind mit abnehmbaren und austauschbaren Vorschubgewinden erh\u00e4ltlich; Zwei Vorschubgewinde werden mit jedem Bohrer geliefert; Einfachheit und Geschwindigkeit sind die Merkmale dieses Bohrers; Schnelles, einfaches und sauberes Bohren; Jeder Selbstvorschubbohrer wird geliefert mit 2 x Vorschubgewinden &#8211; Standardgewinde, 1 x Schraubensatz, 1 x Innensechskantschl\u00fcssel 5\/32 Zoll<\/p>\n<p>4932479481<br \/>\n4058546372750<\/p>\n","protected":false},"excerpt":{"rendered":"<p>Holzbohrer Selbstvorschubbohrer 35 mm &#8211; 1 Stk.<\/p>\n","protected":false},"featured_media":543961,"template":"","meta":{"_seopress_robots_primary_cat":"","_seopress_titles_title":"","_seopress_titles_desc":"","_seopress_robots_index":""},"product_brand":[3407],"product_cat":[29,514,549,550],"product_tag":[3270],"class_list":{"0":"post-830654","1":"product","2":"type-product","3":"status-publish","4":"has-post-thumbnail","6":"product_brand-milwaukee","7":"product_cat-macchinari","8":"product_cat-altri-dispositivi","9":"product_cat-trapani-e-avvitatori","10":"product_cat-accessori-per-trapani-ed-avvitatori","11":"product_tag-import-milwau","12":"sws-conto-ricavi-merci-rivendita-macchinari-de","13":"sws-gruppo-iva-iva81-de","15":"first","16":"onbackorder","17":"sale","18":"shipping-taxable","19":"purchasable","20":"product-type-simple"},"_links":{"self":[{"href":"https:\/\/lucacastelli.com\/de\/wp-json\/wp\/v2\/product\/830654","targetHints":{"allow":["GET"]}}],"collection":[{"href":"https:\/\/lucacastelli.com\/de\/wp-json\/wp\/v2\/product"}],"about":[{"href":"https:\/\/lucacastelli.com\/de\/wp-json\/wp\/v2\/types\/product"}],"wp:featuredmedia":[{"embeddable":true,"href":"https:\/\/lucacastelli.com\/de\/wp-json\/wp\/v2\/media\/543961"}],"wp:attachment":[{"href":"https:\/\/lucacastelli.com\/de\/wp-json\/wp\/v2\/media?parent=830654"}],"wp:term":[{"taxonomy":"product_brand","embeddable":true,"href":"https:\/\/lucacastelli.com\/de\/wp-json\/wp\/v2\/product_brand?post=830654"},{"taxonomy":"product_cat","embeddable":true,"href":"https:\/\/lucacastelli.com\/de\/wp-json\/wp\/v2\/product_cat?post=830654"},{"taxonomy":"product_tag","embeddable":true,"href":"https:\/\/lucacastelli.com\/de\/wp-json\/wp\/v2\/product_tag?post=830654"}],"curies":[{"name":"wp","href":"https:\/\/api.w.org\/{rel}","templated":true}]}}