{"id":830640,"date":"2025-08-08T18:33:53","date_gmt":"2025-08-08T16:33:53","guid":{"rendered":"https:\/\/lucacastelli.com\/prodotto\/milwaukee-set-isolierter-werkzeuge-1000v-in-weichschaummodul\/"},"modified":"2025-08-08T18:33:53","modified_gmt":"2025-08-08T16:33:53","slug":"milwaukee-set-isolierter-werkzeuge-1000v-in-weichschaummodul","status":"publish","type":"product","link":"https:\/\/lucacastelli.com\/de\/produkt\/milwaukee-set-isolierter-werkzeuge-1000v-in-weichschaummodul\/","title":{"rendered":"MILWAUKEE Set isolierter Werkzeuge 1000V in Weichschaummodul"},"content":{"rendered":"<p>SET ISOLIERTER WERKZEUGE 1000V WEICHSCHAUMMODUL<br \/>\nGetestet bis 10.000V und garantiert bis 1.000V. Getestet bei K\u00e4ltetemperaturen bis -40\u00b0. DIN ISO 5746, DIN EN\/IEC 60900;Die Stahlklingen sind vollst\u00e4ndig geschmiedet und geh\u00e4rtet f\u00fcr maximale Haltbarkeit. Die Spitzenoberfl\u00e4che ist aus nicht reflektierendem grauem Titan;Induktionsgeh\u00e4rtete Schneidkanten zum Schneiden auch h\u00e4rtester Materialien;Pr\u00e4zise bearbeitete Backen f\u00fcr maximale Kraft\u00fcbertragung;Ergonomischer Griff f\u00fcr mehr Komfort und Grip   <\/p>\n<p>4932493250<br \/>\n4058546481216<\/p>\n","protected":false},"excerpt":{"rendered":"<p>SET ISOLIERTER WERKZEUGE 1000V WEICHSCHAUMMODUL<\/p>\n","protected":false},"featured_media":561844,"template":"","meta":{"_seopress_robots_primary_cat":"","_seopress_titles_title":"","_seopress_titles_desc":"","_seopress_robots_index":""},"product_brand":[3407],"product_cat":[5416,33],"product_tag":[3270],"class_list":{"0":"post-830640","1":"product","2":"type-product","3":"status-publish","4":"has-post-thumbnail","6":"product_brand-milwaukee","7":"product_cat-utensili-per-officina","8":"product_cat-attrezzature","9":"product_tag-import-milwau","10":"sws-conto-ricavi-merci-rivendita-macchinari-de","11":"sws-gruppo-iva-iva81-de","13":"first","14":"onbackorder","15":"sale","16":"shipping-taxable","17":"purchasable","18":"product-type-simple"},"_links":{"self":[{"href":"https:\/\/lucacastelli.com\/de\/wp-json\/wp\/v2\/product\/830640","targetHints":{"allow":["GET"]}}],"collection":[{"href":"https:\/\/lucacastelli.com\/de\/wp-json\/wp\/v2\/product"}],"about":[{"href":"https:\/\/lucacastelli.com\/de\/wp-json\/wp\/v2\/types\/product"}],"wp:featuredmedia":[{"embeddable":true,"href":"https:\/\/lucacastelli.com\/de\/wp-json\/wp\/v2\/media\/561844"}],"wp:attachment":[{"href":"https:\/\/lucacastelli.com\/de\/wp-json\/wp\/v2\/media?parent=830640"}],"wp:term":[{"taxonomy":"product_brand","embeddable":true,"href":"https:\/\/lucacastelli.com\/de\/wp-json\/wp\/v2\/product_brand?post=830640"},{"taxonomy":"product_cat","embeddable":true,"href":"https:\/\/lucacastelli.com\/de\/wp-json\/wp\/v2\/product_cat?post=830640"},{"taxonomy":"product_tag","embeddable":true,"href":"https:\/\/lucacastelli.com\/de\/wp-json\/wp\/v2\/product_tag?post=830640"}],"curies":[{"name":"wp","href":"https:\/\/api.w.org\/{rel}","templated":true}]}}