{"id":830637,"date":"2025-08-08T18:33:55","date_gmt":"2025-08-08T16:33:55","guid":{"rendered":"https:\/\/lucacastelli.com\/prodotto\/milwaukee-schneid-und-messset-in-weichschaummodul\/"},"modified":"2025-08-08T18:33:55","modified_gmt":"2025-08-08T16:33:55","slug":"milwaukee-schneid-und-messset-in-weichschaummodul","status":"publish","type":"product","link":"https:\/\/lucacastelli.com\/de\/produkt\/milwaukee-schneid-und-messset-in-weichschaummodul\/","title":{"rendered":"MILWAUKEE Schneid- und Messset in Weichschaummodul"},"content":{"rendered":"<p>SCHNEID- UND MESSSET WEICHSCHAUMMODUL<br \/>\nMini-B\u00fcgels\u00e4ge: werkzeugloser Klingenwechsel bis zu 10-mal schneller; Abbrechklingenmesser: Metallklingenverriegelung f\u00fcr bis zu 4-mal l\u00e4ngere Haltbarkeit; Massband 5 m\/16 ft &#8211; Premium-Serie: Hochleistungsmagnet am Bandanfang. Kompaktes und ergonomisches Design <\/p>\n<p>4932493252<br \/>\n4058546481230<\/p>\n","protected":false},"excerpt":{"rendered":"<p>SCHNEID- UND MESSSET WEICHSCHAUMMODUL<\/p>\n","protected":false},"featured_media":561858,"template":"","meta":{"_seopress_robots_primary_cat":"","_seopress_titles_title":"","_seopress_titles_desc":"","_seopress_robots_index":""},"product_brand":[3407],"product_cat":[5416,33],"product_tag":[3270],"class_list":{"0":"post-830637","1":"product","2":"type-product","3":"status-publish","4":"has-post-thumbnail","6":"product_brand-milwaukee","7":"product_cat-utensili-per-officina","8":"product_cat-attrezzature","9":"product_tag-import-milwau","10":"sws-conto-ricavi-merci-rivendita-macchinari-de","11":"sws-gruppo-iva-iva81-de","13":"first","14":"onbackorder","15":"sale","16":"shipping-taxable","17":"purchasable","18":"product-type-simple"},"_links":{"self":[{"href":"https:\/\/lucacastelli.com\/de\/wp-json\/wp\/v2\/product\/830637","targetHints":{"allow":["GET"]}}],"collection":[{"href":"https:\/\/lucacastelli.com\/de\/wp-json\/wp\/v2\/product"}],"about":[{"href":"https:\/\/lucacastelli.com\/de\/wp-json\/wp\/v2\/types\/product"}],"wp:featuredmedia":[{"embeddable":true,"href":"https:\/\/lucacastelli.com\/de\/wp-json\/wp\/v2\/media\/561858"}],"wp:attachment":[{"href":"https:\/\/lucacastelli.com\/de\/wp-json\/wp\/v2\/media?parent=830637"}],"wp:term":[{"taxonomy":"product_brand","embeddable":true,"href":"https:\/\/lucacastelli.com\/de\/wp-json\/wp\/v2\/product_brand?post=830637"},{"taxonomy":"product_cat","embeddable":true,"href":"https:\/\/lucacastelli.com\/de\/wp-json\/wp\/v2\/product_cat?post=830637"},{"taxonomy":"product_tag","embeddable":true,"href":"https:\/\/lucacastelli.com\/de\/wp-json\/wp\/v2\/product_tag?post=830637"}],"curies":[{"name":"wp","href":"https:\/\/api.w.org\/{rel}","templated":true}]}}