{"id":830627,"date":"2025-08-08T18:33:37","date_gmt":"2025-08-08T16:33:37","guid":{"rendered":"https:\/\/lucacastelli.com\/prodotto\/milwaukee-zangenset-in-weichschaumeinlage\/"},"modified":"2025-08-08T18:33:37","modified_gmt":"2025-08-08T16:33:37","slug":"milwaukee-zangenset-in-weichschaumeinlage","status":"publish","type":"product","link":"https:\/\/lucacastelli.com\/de\/produkt\/milwaukee-zangenset-in-weichschaumeinlage\/","title":{"rendered":"MILWAUKEE Zangenset in Weichschaumeinlage"},"content":{"rendered":"<p>ALLGEMEINES ZANGENSET NR. 2 WEICHSCHAUMEINLAGE<br \/>\nOptimale Hebelwirkung f\u00fcr einfaches und m\u00fcheloses Arbeiten.;Die Seitenschneider verf\u00fcgen \u00fcber induktionsgeh\u00e4rtete Schneiden zum Schneiden von harten und weichen Dr\u00e4hten.;Wasserpumpenzange mit Einhand-Druckknopfverstellung f\u00fcr schnellen und sicheren Zugriff.<\/p>\n<p>4932493631<br \/>\n4058546485023<\/p>\n","protected":false},"excerpt":{"rendered":"<p>ALLGEMEINES ZANGENSET NR. 2 WEICHSCHAUMEINLAGE<\/p>\n","protected":false},"featured_media":562941,"template":"","meta":{"_seopress_robots_primary_cat":"","_seopress_titles_title":"","_seopress_titles_desc":"","_seopress_robots_index":""},"product_brand":[3656],"product_cat":[150,5529],"product_tag":[3272],"class_list":{"0":"post-830627","1":"product","2":"type-product","3":"status-publish","4":"has-post-thumbnail","6":"product_brand-milwaukee-de","7":"product_cat-ausrustung","8":"product_cat-workshop-tools","9":"product_tag-import-milwau-de","10":"sws-conto-ricavi-merci-rivendita-macchinari-de","11":"sws-gruppo-iva-iva81-de","13":"first","14":"onbackorder","15":"sale","16":"shipping-taxable","17":"purchasable","18":"product-type-simple"},"_links":{"self":[{"href":"https:\/\/lucacastelli.com\/de\/wp-json\/wp\/v2\/product\/830627","targetHints":{"allow":["GET"]}}],"collection":[{"href":"https:\/\/lucacastelli.com\/de\/wp-json\/wp\/v2\/product"}],"about":[{"href":"https:\/\/lucacastelli.com\/de\/wp-json\/wp\/v2\/types\/product"}],"wp:featuredmedia":[{"embeddable":true,"href":"https:\/\/lucacastelli.com\/de\/wp-json\/wp\/v2\/media\/562941"}],"wp:attachment":[{"href":"https:\/\/lucacastelli.com\/de\/wp-json\/wp\/v2\/media?parent=830627"}],"wp:term":[{"taxonomy":"product_brand","embeddable":true,"href":"https:\/\/lucacastelli.com\/de\/wp-json\/wp\/v2\/product_brand?post=830627"},{"taxonomy":"product_cat","embeddable":true,"href":"https:\/\/lucacastelli.com\/de\/wp-json\/wp\/v2\/product_cat?post=830627"},{"taxonomy":"product_tag","embeddable":true,"href":"https:\/\/lucacastelli.com\/de\/wp-json\/wp\/v2\/product_tag?post=830627"}],"curies":[{"name":"wp","href":"https:\/\/api.w.org\/{rel}","templated":true}]}}