{"id":830626,"date":"2025-08-08T18:33:39","date_gmt":"2025-08-08T16:33:39","guid":{"rendered":"https:\/\/lucacastelli.com\/prodotto\/milwaukee-zangenset-3-teilig\/"},"modified":"2025-08-08T18:33:39","modified_gmt":"2025-08-08T16:33:39","slug":"milwaukee-zangenset-3-teilig","status":"publish","type":"product","link":"https:\/\/lucacastelli.com\/de\/produkt\/milwaukee-zangenset-3-teilig\/","title":{"rendered":"MILWAUKEE Zangenset &#8211; 3-teilig"},"content":{"rendered":"<p>3-TLG. SET<br \/>\nGepr\u00fcft bei 10.000 V und garantiert bis 1.000 V, gepr\u00fcft bis -40 \u00b0C, DIN ISO 5746, DIN EN\/IEC 60900; Die Stahlklingen sind f\u00fcr maximale Lebensdauer vollst\u00e4ndig geschmiedet und geh\u00e4rtet. Nicht reflektierendes Titan-Oberfl\u00e4chenfinish in Grau f\u00fcr maximale Korrosionsbest\u00e4ndigkeit; Induktiv geh\u00e4rtete Schneiden zum Schneiden h\u00e4rtester Materialien; Pr\u00e4zises Gelenk f\u00fcr maximale Kraft\u00fcbertragung und m\u00fcheloses Arbeiten; Ergonomischer Softgrip-Griff f\u00fcr mehr Komfort und Halt <\/p>\n<p>4932464575<br \/>\n4058546225209<\/p>\n","protected":false},"excerpt":{"rendered":"<p>3-TLG. SET<\/p>\n","protected":false},"featured_media":529473,"template":"","meta":{"_seopress_robots_primary_cat":"","_seopress_titles_title":"","_seopress_titles_desc":"","_seopress_robots_index":""},"product_brand":[3407],"product_cat":[5416,33],"product_tag":[3270],"class_list":{"0":"post-830626","1":"product","2":"type-product","3":"status-publish","4":"has-post-thumbnail","6":"product_brand-milwaukee","7":"product_cat-utensili-per-officina","8":"product_cat-attrezzature","9":"product_tag-import-milwau","10":"sws-conto-ricavi-merci-rivendita-macchinari-de","11":"sws-gruppo-iva-iva81-de","13":"first","14":"onbackorder","15":"sale","16":"shipping-taxable","17":"purchasable","18":"product-type-simple"},"_links":{"self":[{"href":"https:\/\/lucacastelli.com\/de\/wp-json\/wp\/v2\/product\/830626","targetHints":{"allow":["GET"]}}],"collection":[{"href":"https:\/\/lucacastelli.com\/de\/wp-json\/wp\/v2\/product"}],"about":[{"href":"https:\/\/lucacastelli.com\/de\/wp-json\/wp\/v2\/types\/product"}],"wp:featuredmedia":[{"embeddable":true,"href":"https:\/\/lucacastelli.com\/de\/wp-json\/wp\/v2\/media\/529473"}],"wp:attachment":[{"href":"https:\/\/lucacastelli.com\/de\/wp-json\/wp\/v2\/media?parent=830626"}],"wp:term":[{"taxonomy":"product_brand","embeddable":true,"href":"https:\/\/lucacastelli.com\/de\/wp-json\/wp\/v2\/product_brand?post=830626"},{"taxonomy":"product_cat","embeddable":true,"href":"https:\/\/lucacastelli.com\/de\/wp-json\/wp\/v2\/product_cat?post=830626"},{"taxonomy":"product_tag","embeddable":true,"href":"https:\/\/lucacastelli.com\/de\/wp-json\/wp\/v2\/product_tag?post=830626"}],"curies":[{"name":"wp","href":"https:\/\/api.w.org\/{rel}","templated":true}]}}