{"id":830623,"date":"2025-08-08T18:33:38","date_gmt":"2025-08-08T16:33:38","guid":{"rendered":"https:\/\/lucacastelli.com\/prodotto\/milwaukee-wasserpumpenzangen-set-180-250-300-mm-3-tlg\/"},"modified":"2025-08-08T18:33:38","modified_gmt":"2025-08-08T16:33:38","slug":"milwaukee-wasserpumpenzangen-set-180-250-300-mm-3-tlg","status":"publish","type":"product","link":"https:\/\/lucacastelli.com\/de\/produkt\/milwaukee-wasserpumpenzangen-set-180-250-300-mm-3-tlg\/","title":{"rendered":"MILWAUKEE WASSERPUMPENZANGEN-SET 180\/250\/300 mm &#8211; 3-tlg."},"content":{"rendered":"<p>WASSERPUMPENZANGEN-SET 180\/250\/300 mm &#8211; 3-tlg.<br \/>\nDoppelverzahnte Backen f\u00fcr maximalen Halt;Induktionsgeh\u00e4rtete Backen mit Selbstsperrung gegen Abrutschen;Integrierter Nagelhalter;Design garantiert hohe Widerstandsf\u00e4higkeit und Greifkapazit\u00e4t;Druckknopf f\u00fcr schnelle und pr\u00e4zise Einstellungen;Fingerschutz in jeder Einstellungsposition der Zahnstange<\/p>\n<p>4932498543<br \/>\n4058546524128<\/p>\n","protected":false},"excerpt":{"rendered":"<p>WASSERPUMPENZANGEN-SET 180\/250\/300 mm &#8211; 3-tlg.<\/p>\n","protected":false},"featured_media":567576,"template":"","meta":{"_seopress_robots_primary_cat":"","_seopress_titles_title":"","_seopress_titles_desc":"","_seopress_robots_index":""},"product_brand":[3656],"product_cat":[150,5529],"product_tag":[3272],"class_list":{"0":"post-830623","1":"product","2":"type-product","3":"status-publish","4":"has-post-thumbnail","6":"product_brand-milwaukee-de","7":"product_cat-ausrustung","8":"product_cat-workshop-tools","9":"product_tag-import-milwau-de","10":"sws-conto-ricavi-merci-rivendita-macchinari-de","11":"sws-gruppo-iva-iva81-de","13":"first","14":"onbackorder","15":"sale","16":"shipping-taxable","17":"purchasable","18":"product-type-simple"},"_links":{"self":[{"href":"https:\/\/lucacastelli.com\/de\/wp-json\/wp\/v2\/product\/830623","targetHints":{"allow":["GET"]}}],"collection":[{"href":"https:\/\/lucacastelli.com\/de\/wp-json\/wp\/v2\/product"}],"about":[{"href":"https:\/\/lucacastelli.com\/de\/wp-json\/wp\/v2\/types\/product"}],"wp:featuredmedia":[{"embeddable":true,"href":"https:\/\/lucacastelli.com\/de\/wp-json\/wp\/v2\/media\/567576"}],"wp:attachment":[{"href":"https:\/\/lucacastelli.com\/de\/wp-json\/wp\/v2\/media?parent=830623"}],"wp:term":[{"taxonomy":"product_brand","embeddable":true,"href":"https:\/\/lucacastelli.com\/de\/wp-json\/wp\/v2\/product_brand?post=830623"},{"taxonomy":"product_cat","embeddable":true,"href":"https:\/\/lucacastelli.com\/de\/wp-json\/wp\/v2\/product_cat?post=830623"},{"taxonomy":"product_tag","embeddable":true,"href":"https:\/\/lucacastelli.com\/de\/wp-json\/wp\/v2\/product_tag?post=830623"}],"curies":[{"name":"wp","href":"https:\/\/api.w.org\/{rel}","templated":true}]}}