{"id":830614,"date":"2025-08-08T18:33:41","date_gmt":"2025-08-08T16:33:41","guid":{"rendered":"https:\/\/lucacastelli.com\/prodotto\/milwaukee-set-packout-kompakt-organizer-mit-maxbite-ringmaulschluesseln-15-teilig\/"},"modified":"2025-08-08T18:33:41","modified_gmt":"2025-08-08T16:33:41","slug":"milwaukee-set-packout-kompakt-organizer-mit-maxbite-ringmaulschluesseln-15-teilig","status":"publish","type":"product","link":"https:\/\/lucacastelli.com\/de\/produkt\/milwaukee-set-packout-kompakt-organizer-mit-maxbite-ringmaulschluesseln-15-teilig\/","title":{"rendered":"MILWAUKEE Set PACKOUT\u2122 Kompakt-Organizer mit MAXBITE Ringmaulschl\u00fcsseln &#8211; 15-teilig"},"content":{"rendered":"<p>15PC MAXBITE Spanner + PACKOUT Set<br \/>\nHorizontale MAX BITE\u2122-\u00d6ffnung zur Reduzierung von Abrutschen oder Durchdrehen.;T-Profil-Griff abgerundet f\u00fcr hohen Nutzungskomfort.;Optimale Aufbewahrungsl\u00f6sung, 7-teiliges Set mit Tragegriff. 15-teiliges Set in Halterung f\u00fcr einfache Aufbewahrung in Werkzeugschubladen.;Farbige Gr\u00f6ssenmarkierung zur vereinfachten Identifikation.;15 abgewinkelt;Teil des modularen PACKOUT\u2122-Aufbewahrungssystems, gefertigt aus schlagfesten Polymeren f\u00fcr lange Haltbarkeit auf der Baustelle.<\/p>\n<p>4932498141<br \/>\n4058546513016<\/p>\n","protected":false},"excerpt":{"rendered":"<p>15PC MAXBITE Spanner + PACKOUT Set<\/p>\n","protected":false},"featured_media":566403,"template":"","meta":{"_seopress_robots_primary_cat":"","_seopress_titles_title":"","_seopress_titles_desc":"","_seopress_robots_index":""},"product_brand":[3656],"product_cat":[150,5529],"product_tag":[3272],"class_list":{"0":"post-830614","1":"product","2":"type-product","3":"status-publish","4":"has-post-thumbnail","6":"product_brand-milwaukee-de","7":"product_cat-ausrustung","8":"product_cat-workshop-tools","9":"product_tag-import-milwau-de","10":"sws-conto-ricavi-merci-rivendita-macchinari-de","11":"sws-gruppo-iva-iva81-de","13":"first","14":"onbackorder","15":"sale","16":"shipping-taxable","17":"purchasable","18":"product-type-simple"},"_links":{"self":[{"href":"https:\/\/lucacastelli.com\/de\/wp-json\/wp\/v2\/product\/830614","targetHints":{"allow":["GET"]}}],"collection":[{"href":"https:\/\/lucacastelli.com\/de\/wp-json\/wp\/v2\/product"}],"about":[{"href":"https:\/\/lucacastelli.com\/de\/wp-json\/wp\/v2\/types\/product"}],"wp:featuredmedia":[{"embeddable":true,"href":"https:\/\/lucacastelli.com\/de\/wp-json\/wp\/v2\/media\/566403"}],"wp:attachment":[{"href":"https:\/\/lucacastelli.com\/de\/wp-json\/wp\/v2\/media?parent=830614"}],"wp:term":[{"taxonomy":"product_brand","embeddable":true,"href":"https:\/\/lucacastelli.com\/de\/wp-json\/wp\/v2\/product_brand?post=830614"},{"taxonomy":"product_cat","embeddable":true,"href":"https:\/\/lucacastelli.com\/de\/wp-json\/wp\/v2\/product_cat?post=830614"},{"taxonomy":"product_tag","embeddable":true,"href":"https:\/\/lucacastelli.com\/de\/wp-json\/wp\/v2\/product_tag?post=830614"}],"curies":[{"name":"wp","href":"https:\/\/api.w.org\/{rel}","templated":true}]}}