{"id":830608,"date":"2025-08-08T18:33:31","date_gmt":"2025-08-08T16:33:31","guid":{"rendered":"https:\/\/lucacastelli.com\/prodotto\/milwaukee-leer-set-fuer-multifunktions-saegeblaetter\/"},"modified":"2025-08-08T18:33:31","modified_gmt":"2025-08-08T16:33:31","slug":"milwaukee-leer-set-fuer-multifunktions-saegeblaetter","status":"publish","type":"product","link":"https:\/\/lucacastelli.com\/de\/produkt\/milwaukee-leer-set-fuer-multifunktions-saegeblaetter\/","title":{"rendered":"MILWAUKEE Leer-Set f\u00fcr Multifunktions-S\u00e4gebl\u00e4tter"},"content":{"rendered":"<p>OMT Blade Case-1 Stk.<br \/>\nAufbewahrungsbox, leer, f\u00fcr Multifunktions-S\u00e4gebl\u00e4tter;Die Befestigungsstifte lassen sich durch Drehen entfernen und an anderer Stelle einsetzen;Das Geh\u00e4use bietet Platz f\u00fcr 6 Befestigungsstifte, die jeweils bis zu 5 S\u00e4gebl\u00e4tter aufnehmen k\u00f6nnen<\/p>\n<p>4932479838<br \/>\n4058546376321<\/p>\n","protected":false},"excerpt":{"rendered":"<p>OMT Blade Case-1 Stk.<\/p>\n","protected":false},"featured_media":544926,"template":"","meta":{"_seopress_robots_primary_cat":"","_seopress_titles_title":"","_seopress_titles_desc":"","_seopress_robots_index":""},"product_brand":[3407],"product_cat":[5416,33],"product_tag":[3270],"class_list":{"0":"post-830608","1":"product","2":"type-product","3":"status-publish","4":"has-post-thumbnail","6":"product_brand-milwaukee","7":"product_cat-utensili-per-officina","8":"product_cat-attrezzature","9":"product_tag-import-milwau","10":"sws-conto-ricavi-merci-rivendita-macchinari-de","11":"sws-gruppo-iva-iva81-de","13":"first","14":"onbackorder","15":"sale","16":"shipping-taxable","17":"purchasable","18":"product-type-simple"},"_links":{"self":[{"href":"https:\/\/lucacastelli.com\/de\/wp-json\/wp\/v2\/product\/830608","targetHints":{"allow":["GET"]}}],"collection":[{"href":"https:\/\/lucacastelli.com\/de\/wp-json\/wp\/v2\/product"}],"about":[{"href":"https:\/\/lucacastelli.com\/de\/wp-json\/wp\/v2\/types\/product"}],"wp:featuredmedia":[{"embeddable":true,"href":"https:\/\/lucacastelli.com\/de\/wp-json\/wp\/v2\/media\/544926"}],"wp:attachment":[{"href":"https:\/\/lucacastelli.com\/de\/wp-json\/wp\/v2\/media?parent=830608"}],"wp:term":[{"taxonomy":"product_brand","embeddable":true,"href":"https:\/\/lucacastelli.com\/de\/wp-json\/wp\/v2\/product_brand?post=830608"},{"taxonomy":"product_cat","embeddable":true,"href":"https:\/\/lucacastelli.com\/de\/wp-json\/wp\/v2\/product_cat?post=830608"},{"taxonomy":"product_tag","embeddable":true,"href":"https:\/\/lucacastelli.com\/de\/wp-json\/wp\/v2\/product_tag?post=830608"}],"curies":[{"name":"wp","href":"https:\/\/api.w.org\/{rel}","templated":true}]}}