{"id":830602,"date":"2025-08-08T18:34:17","date_gmt":"2025-08-08T16:34:17","guid":{"rendered":"https:\/\/lucacastelli.com\/prodotto\/milwaukee-selbstsicherndes-zangen-set-komplett-in-weichschaumeinlage\/"},"modified":"2025-08-08T18:34:17","modified_gmt":"2025-08-08T16:34:17","slug":"milwaukee-selbstsicherndes-zangen-set-komplett-in-weichschaumeinlage","status":"publish","type":"product","link":"https:\/\/lucacastelli.com\/de\/produkt\/milwaukee-selbstsicherndes-zangen-set-komplett-in-weichschaumeinlage\/","title":{"rendered":"MILWAUKEE Selbstsicherndes Zangen-Set komplett in Weichschaumeinlage"},"content":{"rendered":"<p>SELBSTSICHERNDES ZANGEN-SET WEICHSCHAUMEINLAGE<br \/>\nSelbstsichernde Zangen TORQUE LOCK\u2122: einfache und schnelle Installation sowohl auf flachen als auch runden Oberfl\u00e4chen. Zus\u00e4tzliche Kraft kann aufgebracht werden. Auch zum Aufh\u00e4ngen oder Lagern von Material verwendbar.;Geh\u00e4rtete Backen f\u00fcr besseren Griff und Halt am Material.;Rostschutz: Verchromung erh\u00f6ht die Haltbarkeit und reduziert Korrosion.;Traditionelles Hebeldesign.;Die selbstsichernden Zangen MAXBITE\u2122 haben ein spezielles Backendesign f\u00fcr maximalen Griff.<\/p>\n<p>4932493634<br \/>\n4058546485054<\/p>\n","protected":false},"excerpt":{"rendered":"<p>SELBSTSICHERNDES ZANGEN-SET WEICHSCHAUMEINLAGE<\/p>\n","protected":false},"featured_media":562980,"template":"","meta":{"_seopress_robots_primary_cat":"","_seopress_titles_title":"","_seopress_titles_desc":"","_seopress_robots_index":""},"product_brand":[3407],"product_cat":[5416,33],"product_tag":[3270],"class_list":{"0":"post-830602","1":"product","2":"type-product","3":"status-publish","4":"has-post-thumbnail","6":"product_brand-milwaukee","7":"product_cat-utensili-per-officina","8":"product_cat-attrezzature","9":"product_tag-import-milwau","10":"sws-conto-ricavi-merci-rivendita-macchinari-de","11":"sws-gruppo-iva-iva81-de","13":"first","14":"onbackorder","15":"sale","16":"shipping-taxable","17":"purchasable","18":"product-type-simple"},"_links":{"self":[{"href":"https:\/\/lucacastelli.com\/de\/wp-json\/wp\/v2\/product\/830602","targetHints":{"allow":["GET"]}}],"collection":[{"href":"https:\/\/lucacastelli.com\/de\/wp-json\/wp\/v2\/product"}],"about":[{"href":"https:\/\/lucacastelli.com\/de\/wp-json\/wp\/v2\/types\/product"}],"wp:featuredmedia":[{"embeddable":true,"href":"https:\/\/lucacastelli.com\/de\/wp-json\/wp\/v2\/media\/562980"}],"wp:attachment":[{"href":"https:\/\/lucacastelli.com\/de\/wp-json\/wp\/v2\/media?parent=830602"}],"wp:term":[{"taxonomy":"product_brand","embeddable":true,"href":"https:\/\/lucacastelli.com\/de\/wp-json\/wp\/v2\/product_brand?post=830602"},{"taxonomy":"product_cat","embeddable":true,"href":"https:\/\/lucacastelli.com\/de\/wp-json\/wp\/v2\/product_cat?post=830602"},{"taxonomy":"product_tag","embeddable":true,"href":"https:\/\/lucacastelli.com\/de\/wp-json\/wp\/v2\/product_tag?post=830602"}],"curies":[{"name":"wp","href":"https:\/\/api.w.org\/{rel}","templated":true}]}}