{"id":830599,"date":"2025-08-08T18:34:01","date_gmt":"2025-08-08T16:34:01","guid":{"rendered":"https:\/\/lucacastelli.com\/prodotto\/milwaukee-komplettes-selbstsicherndes-zangen-set-im-weichschaummodul\/"},"modified":"2025-08-08T18:34:01","modified_gmt":"2025-08-08T16:34:01","slug":"milwaukee-komplettes-selbstsicherndes-zangen-set-im-weichschaummodul","status":"publish","type":"product","link":"https:\/\/lucacastelli.com\/de\/produkt\/milwaukee-komplettes-selbstsicherndes-zangen-set-im-weichschaummodul\/","title":{"rendered":"MILWAUKEE Komplettes selbstsicherndes Zangen-Set im Weichschaummodul"},"content":{"rendered":"<p>SELBSTSICHERNDES ZANGEN-SET WEICHSCHAUMMODUL<br \/>\nTORQUE LOCK\u2122 selbstsichernde Zangen: einfache und schnelle Installation sowohl auf flachen als auch runden Oberfl\u00e4chen. Zus\u00e4tzliche Kraft kann aufgebracht werden. Auch zum Aufh\u00e4ngen oder Lagern von Material verwendbar; Geh\u00e4rtete Backen f\u00fcr besseren Griff und Halt am Material; Rostschutz: Verchromung erh\u00f6ht die Haltbarkeit und reduziert Korrosion; Traditionelles Hebeldesign; Die MAXBITE\u2122 selbstsichernden Zangen haben ein spezielles Backendesign f\u00fcr maximalen Griff  <\/p>\n<p>4932493251<br \/>\n4058546481223<\/p>\n","protected":false},"excerpt":{"rendered":"<p>SELBSTSICHERNDES ZANGEN-SET WEICHSCHAUMMODUL<\/p>\n","protected":false},"featured_media":599645,"template":"","meta":{"_seopress_robots_primary_cat":"","_seopress_titles_title":"","_seopress_titles_desc":"","_seopress_robots_index":""},"product_brand":[3407],"product_cat":[5416,33],"product_tag":[3270],"class_list":{"0":"post-830599","1":"product","2":"type-product","3":"status-publish","4":"has-post-thumbnail","6":"product_brand-milwaukee","7":"product_cat-utensili-per-officina","8":"product_cat-attrezzature","9":"product_tag-import-milwau","10":"sws-conto-ricavi-merci-rivendita-macchinari-de","11":"sws-gruppo-iva-iva81-de","13":"first","14":"onbackorder","15":"sale","16":"shipping-taxable","17":"purchasable","18":"product-type-simple"},"_links":{"self":[{"href":"https:\/\/lucacastelli.com\/de\/wp-json\/wp\/v2\/product\/830599","targetHints":{"allow":["GET"]}}],"collection":[{"href":"https:\/\/lucacastelli.com\/de\/wp-json\/wp\/v2\/product"}],"about":[{"href":"https:\/\/lucacastelli.com\/de\/wp-json\/wp\/v2\/types\/product"}],"wp:featuredmedia":[{"embeddable":true,"href":"https:\/\/lucacastelli.com\/de\/wp-json\/wp\/v2\/media\/599645"}],"wp:attachment":[{"href":"https:\/\/lucacastelli.com\/de\/wp-json\/wp\/v2\/media?parent=830599"}],"wp:term":[{"taxonomy":"product_brand","embeddable":true,"href":"https:\/\/lucacastelli.com\/de\/wp-json\/wp\/v2\/product_brand?post=830599"},{"taxonomy":"product_cat","embeddable":true,"href":"https:\/\/lucacastelli.com\/de\/wp-json\/wp\/v2\/product_cat?post=830599"},{"taxonomy":"product_tag","embeddable":true,"href":"https:\/\/lucacastelli.com\/de\/wp-json\/wp\/v2\/product_tag?post=830599"}],"curies":[{"name":"wp","href":"https:\/\/api.w.org\/{rel}","templated":true}]}}