{"id":830589,"date":"2025-08-08T18:34:34","date_gmt":"2025-08-08T16:34:34","guid":{"rendered":"https:\/\/lucacastelli.com\/prodotto\/milwaukee-ratsche-und-steckschluessel-set-7\/"},"modified":"2025-08-08T18:34:34","modified_gmt":"2025-08-08T16:34:34","slug":"milwaukee-ratsche-und-steckschluessel-set-7","status":"publish","type":"product","link":"https:\/\/lucacastelli.com\/de\/produkt\/milwaukee-ratsche-und-steckschluessel-set-7\/","title":{"rendered":"MILWAUKEE Ratsche und Steckschl\u00fcssel-Set"},"content":{"rendered":"<p>SET 50-TLG. RATSCHE 1\/4&#8243; &#8211; METRISCH \/ ZOLL<br \/>\n90-Zahn-Design mit 4 Grad Schwenkbereich f\u00fcr maximale Zug\u00e4nglichkeit in engen R\u00e4umen;Wird mit herausnehmbarer Innenschale geliefert, die perfekt f\u00fcr die Aufbewahrung in Werkzeugschubladen konzipiert ist;Durchmesser seitlich aufgedruckt f\u00fcr einfache Erkennung;Metallausf\u00fchrung f\u00fcr maximale Haltbarkeit;FOUR FLAT\u2122-Design verhindert Wegrollen;Flacher Kopf mit b\u00fcndiger Umschaltwippe f\u00fcr bessere Zug\u00e4nglichkeit in engen R\u00e4umen<\/p>\n<p>4932464944<br \/>\n4058546228897<\/p>\n","protected":false},"excerpt":{"rendered":"<p>SET 50-TLG. RATSCHE 1\/4&#8243; &#8211; METRISCH \/ ZOLL<\/p>\n","protected":false},"featured_media":530327,"template":"","meta":{"_seopress_robots_primary_cat":"","_seopress_titles_title":"","_seopress_titles_desc":"","_seopress_robots_index":""},"product_brand":[3656],"product_cat":[5529,150],"product_tag":[3272],"class_list":{"0":"post-830589","1":"product","2":"type-product","3":"status-publish","4":"has-post-thumbnail","6":"product_brand-milwaukee-de","7":"product_cat-workshop-tools","8":"product_cat-ausrustung","9":"product_tag-import-milwau-de","10":"sws-conto-ricavi-merci-rivendita-macchinari-de","11":"sws-gruppo-iva-iva81-de","13":"first","14":"onbackorder","15":"sale","16":"shipping-taxable","17":"purchasable","18":"product-type-simple"},"_links":{"self":[{"href":"https:\/\/lucacastelli.com\/de\/wp-json\/wp\/v2\/product\/830589","targetHints":{"allow":["GET"]}}],"collection":[{"href":"https:\/\/lucacastelli.com\/de\/wp-json\/wp\/v2\/product"}],"about":[{"href":"https:\/\/lucacastelli.com\/de\/wp-json\/wp\/v2\/types\/product"}],"wp:featuredmedia":[{"embeddable":true,"href":"https:\/\/lucacastelli.com\/de\/wp-json\/wp\/v2\/media\/530327"}],"wp:attachment":[{"href":"https:\/\/lucacastelli.com\/de\/wp-json\/wp\/v2\/media?parent=830589"}],"wp:term":[{"taxonomy":"product_brand","embeddable":true,"href":"https:\/\/lucacastelli.com\/de\/wp-json\/wp\/v2\/product_brand?post=830589"},{"taxonomy":"product_cat","embeddable":true,"href":"https:\/\/lucacastelli.com\/de\/wp-json\/wp\/v2\/product_cat?post=830589"},{"taxonomy":"product_tag","embeddable":true,"href":"https:\/\/lucacastelli.com\/de\/wp-json\/wp\/v2\/product_tag?post=830589"}],"curies":[{"name":"wp","href":"https:\/\/api.w.org\/{rel}","templated":true}]}}