{"id":830586,"date":"2025-08-08T18:34:32","date_gmt":"2025-08-08T16:34:32","guid":{"rendered":"https:\/\/lucacastelli.com\/prodotto\/milwaukee-ratschen-und-steckschluesselsatz-%c2%bc%e2%80%b3-in-weichschaumeinlage\/"},"modified":"2025-08-08T18:34:32","modified_gmt":"2025-08-08T16:34:32","slug":"milwaukee-ratschen-und-steckschluesselsatz-%c2%bc%e2%80%b3-in-weichschaumeinlage","status":"publish","type":"product","link":"https:\/\/lucacastelli.com\/de\/produkt\/milwaukee-ratschen-und-steckschluesselsatz-%c2%bc%e2%80%b3-in-weichschaumeinlage\/","title":{"rendered":"MILWAUKEE Ratschen- und Steckschl\u00fcsselsatz \u00bc\u2033 in Weichschaumeinlage"},"content":{"rendered":"<p>STECKSCHL\u00dcSSEL- UND BIT-SET 1\/4 WEICHSCHAUMEINLAGE 42-TLG.<br \/>\nFOUR FLAT\u2122 Design (wegrollsicher); Ganzmetallkonstruktion f\u00fcr lange Lebensdauer; Hochwertiger Schaumstoff f\u00fcr erh\u00f6hte Best\u00e4ndigkeit, lasergravierte Gr\u00f6ssenmarkierungen zur schnellen und einfachen Identifizierung der Gr\u00f6sse und roter Hintergrund zum schnellen Erkennen von fehlendem Werkzeug.<\/p>\n<p>4932499293<br \/>\n4058546564575<\/p>\n","protected":false},"excerpt":{"rendered":"<p>STECKSCHL\u00dcSSEL- UND BIT-SET 1\/4 WEICHSCHAUMEINLAGE 42-TLG.<\/p>\n","protected":false},"featured_media":599655,"template":"","meta":{"_seopress_robots_primary_cat":"","_seopress_titles_title":"","_seopress_titles_desc":"","_seopress_robots_index":""},"product_brand":[3656],"product_cat":[5529,150],"product_tag":[3272],"class_list":{"0":"post-830586","1":"product","2":"type-product","3":"status-publish","4":"has-post-thumbnail","6":"product_brand-milwaukee-de","7":"product_cat-workshop-tools","8":"product_cat-ausrustung","9":"product_tag-import-milwau-de","10":"sws-conto-ricavi-merci-rivendita-macchinari-de","11":"sws-gruppo-iva-iva81-de","13":"first","14":"onbackorder","15":"sale","16":"shipping-taxable","17":"purchasable","18":"product-type-simple"},"_links":{"self":[{"href":"https:\/\/lucacastelli.com\/de\/wp-json\/wp\/v2\/product\/830586","targetHints":{"allow":["GET"]}}],"collection":[{"href":"https:\/\/lucacastelli.com\/de\/wp-json\/wp\/v2\/product"}],"about":[{"href":"https:\/\/lucacastelli.com\/de\/wp-json\/wp\/v2\/types\/product"}],"wp:featuredmedia":[{"embeddable":true,"href":"https:\/\/lucacastelli.com\/de\/wp-json\/wp\/v2\/media\/599655"}],"wp:attachment":[{"href":"https:\/\/lucacastelli.com\/de\/wp-json\/wp\/v2\/media?parent=830586"}],"wp:term":[{"taxonomy":"product_brand","embeddable":true,"href":"https:\/\/lucacastelli.com\/de\/wp-json\/wp\/v2\/product_brand?post=830586"},{"taxonomy":"product_cat","embeddable":true,"href":"https:\/\/lucacastelli.com\/de\/wp-json\/wp\/v2\/product_cat?post=830586"},{"taxonomy":"product_tag","embeddable":true,"href":"https:\/\/lucacastelli.com\/de\/wp-json\/wp\/v2\/product_tag?post=830586"}],"curies":[{"name":"wp","href":"https:\/\/api.w.org\/{rel}","templated":true}]}}