{"id":830578,"date":"2025-08-08T18:34:37","date_gmt":"2025-08-08T16:34:37","guid":{"rendered":"https:\/\/lucacastelli.com\/prodotto\/milwaukee-ratsche-und-steckschluessel-set-5\/"},"modified":"2025-08-08T18:34:37","modified_gmt":"2025-08-08T16:34:37","slug":"milwaukee-ratsche-und-steckschluessel-set-5","status":"publish","type":"product","link":"https:\/\/lucacastelli.com\/de\/produkt\/milwaukee-ratsche-und-steckschluessel-set-5\/","title":{"rendered":"MILWAUKEE Ratsche und Steckschl\u00fcssel-Set"},"content":{"rendered":"<p>28-TLG. RATSCHEN- UND STECKSCHL\u00dcSSEL-SET 1\/2&#8243; &#8211; Metrisch<br \/>\n90-Zahn-Design mit 4 Grad Schwenkwinkel f\u00fcr maximale Zug\u00e4nglichkeit in engen R\u00e4umen;Wird mit einer herausnehmbaren Einlage geliefert, die perfekt f\u00fcr die Aufbewahrung in Werkstattwagen konzipiert ist;Eingestanzte Durchmesser auf der Seite zur einfachen Erkennung;Ganzmetall-Design f\u00fcr maximale Haltbarkeit;FOUR FLAT\u2122 Design verhindert Wegrollen;Schlanker Kopf mit b\u00fcndigem Umschalthebel bietet bessere Zug\u00e4nglichkeit in engen R\u00e4umen<\/p>\n<p>4932471864<br \/>\n4058546297633<\/p>\n","protected":false},"excerpt":{"rendered":"<p>28-TLG. RATSCHEN- UND STECKSCHL\u00dcSSEL-SET 1\/2&#8243; &#8211; Metrisch<\/p>\n","protected":false},"featured_media":538057,"template":"","meta":{"_seopress_robots_primary_cat":"","_seopress_titles_title":"","_seopress_titles_desc":"","_seopress_robots_index":""},"product_brand":[3407],"product_cat":[5416,33],"product_tag":[3270],"class_list":{"0":"post-830578","1":"product","2":"type-product","3":"status-publish","4":"has-post-thumbnail","6":"product_brand-milwaukee","7":"product_cat-utensili-per-officina","8":"product_cat-attrezzature","9":"product_tag-import-milwau","10":"sws-conto-ricavi-merci-rivendita-macchinari-de","11":"sws-gruppo-iva-iva81-de","13":"first","14":"onbackorder","15":"sale","16":"shipping-taxable","17":"purchasable","18":"product-type-simple"},"_links":{"self":[{"href":"https:\/\/lucacastelli.com\/de\/wp-json\/wp\/v2\/product\/830578","targetHints":{"allow":["GET"]}}],"collection":[{"href":"https:\/\/lucacastelli.com\/de\/wp-json\/wp\/v2\/product"}],"about":[{"href":"https:\/\/lucacastelli.com\/de\/wp-json\/wp\/v2\/types\/product"}],"wp:featuredmedia":[{"embeddable":true,"href":"https:\/\/lucacastelli.com\/de\/wp-json\/wp\/v2\/media\/538057"}],"wp:attachment":[{"href":"https:\/\/lucacastelli.com\/de\/wp-json\/wp\/v2\/media?parent=830578"}],"wp:term":[{"taxonomy":"product_brand","embeddable":true,"href":"https:\/\/lucacastelli.com\/de\/wp-json\/wp\/v2\/product_brand?post=830578"},{"taxonomy":"product_cat","embeddable":true,"href":"https:\/\/lucacastelli.com\/de\/wp-json\/wp\/v2\/product_cat?post=830578"},{"taxonomy":"product_tag","embeddable":true,"href":"https:\/\/lucacastelli.com\/de\/wp-json\/wp\/v2\/product_tag?post=830578"}],"curies":[{"name":"wp","href":"https:\/\/api.w.org\/{rel}","templated":true}]}}