{"id":830568,"date":"2025-08-08T18:40:59","date_gmt":"2025-08-08T16:40:59","guid":{"rendered":"https:\/\/lucacastelli.com\/prodotto\/milwaukee-messlatte-500-cm-fuer-laser\/"},"modified":"2025-08-08T18:40:59","modified_gmt":"2025-08-08T16:40:59","slug":"milwaukee-messlatte-500-cm-fuer-laser","status":"publish","type":"product","link":"https:\/\/lucacastelli.com\/de\/produkt\/milwaukee-messlatte-500-cm-fuer-laser\/","title":{"rendered":"MILWAUKEE Messlatte 500 cm f\u00fcr Laser"},"content":{"rendered":"<p>ROD500 \/ZUBEH\u00d6R F\u00dcR LASERWASSERWAAGEN<br \/>\nMetrische Skala bis 5 Meter f\u00fcr die g\u00e4ngigsten H\u00f6hen auf der Baustelle;Flache Oberkappe f\u00fcr eine solide Positionierung des Empf\u00e4ngers;Robuster Aluminiumrahmen, um den Baustellenbedingungen standzuhalten;Widerstandsf\u00e4hige Verschl\u00fcsse zur Vermeidung von Rahmensch\u00e4den;Abnehmbare Libelle f\u00fcr eine pr\u00e4zisere Konfiguration<\/p>\n<p>4932493203<br \/>\n4058546480745<\/p>\n","protected":false},"excerpt":{"rendered":"<p>ROD500 \/ZUBEH\u00d6R F\u00dcR LASERWASSERWAAGEN<\/p>\n","protected":false},"featured_media":561539,"template":"","meta":{"_seopress_robots_primary_cat":"","_seopress_titles_title":"","_seopress_titles_desc":"","_seopress_robots_index":""},"product_brand":[3407],"product_cat":[29,514,551],"product_tag":[3270],"class_list":{"0":"post-830568","1":"product","2":"type-product","3":"status-publish","4":"has-post-thumbnail","6":"product_brand-milwaukee","7":"product_cat-macchinari","8":"product_cat-altri-dispositivi","9":"product_cat-apparecchi-di-misurazione","10":"product_tag-import-milwau","11":"sws-conto-ricavi-merci-rivendita-macchinari-de","12":"sws-gruppo-iva-iva81-de","14":"first","15":"onbackorder","16":"sale","17":"shipping-taxable","18":"purchasable","19":"product-type-simple"},"_links":{"self":[{"href":"https:\/\/lucacastelli.com\/de\/wp-json\/wp\/v2\/product\/830568","targetHints":{"allow":["GET"]}}],"collection":[{"href":"https:\/\/lucacastelli.com\/de\/wp-json\/wp\/v2\/product"}],"about":[{"href":"https:\/\/lucacastelli.com\/de\/wp-json\/wp\/v2\/types\/product"}],"wp:featuredmedia":[{"embeddable":true,"href":"https:\/\/lucacastelli.com\/de\/wp-json\/wp\/v2\/media\/561539"}],"wp:attachment":[{"href":"https:\/\/lucacastelli.com\/de\/wp-json\/wp\/v2\/media?parent=830568"}],"wp:term":[{"taxonomy":"product_brand","embeddable":true,"href":"https:\/\/lucacastelli.com\/de\/wp-json\/wp\/v2\/product_brand?post=830568"},{"taxonomy":"product_cat","embeddable":true,"href":"https:\/\/lucacastelli.com\/de\/wp-json\/wp\/v2\/product_cat?post=830568"},{"taxonomy":"product_tag","embeddable":true,"href":"https:\/\/lucacastelli.com\/de\/wp-json\/wp\/v2\/product_tag?post=830568"}],"curies":[{"name":"wp","href":"https:\/\/api.w.org\/{rel}","templated":true}]}}