{"id":830548,"date":"2026-04-15T18:03:07","date_gmt":"2026-04-15T16:03:07","guid":{"rendered":"https:\/\/lucacastelli.com\/prodotto\/crazy-jkt-boosted-proof-man\/"},"modified":"2026-04-15T18:03:07","modified_gmt":"2026-04-15T16:03:07","slug":"crazy-jkt-boosted-proof-man","status":"publish","type":"product","link":"https:\/\/lucacastelli.com\/de\/produkt\/crazy-jkt-boosted-proof-man\/","title":{"rendered":"CRAZY JKT BOOSTED PROOF MAN"},"content":{"rendered":"<p>Produktbeschreibung<\/p>\n<p>Die vollst\u00e4ndig neu gestaltete Jacket Boosted Proof ist eine hochleistungsf\u00e4hige wasserdichte Shelljacke, die maximale Funktionalit\u00e4t mit einem klaren, modernen Design vereint. Ideal sowohl f\u00fcr den Einsatz in den Bergen als auch im Alltag \u2013 die perfekte L\u00f6sung f\u00fcr alle, die Schutz suchen, ohne auf Komfort und Stil zu verzichten. <\/p>\n<p>Dank ihrer Wasserdichtigkeit bis 20.000 mm Wassers\u00e4ule und der vollst\u00e4ndig verschweissten Konstruktion bietet sie absoluten Schutz gegen Regen und Wind. Das Dermizax-Gewebe garantiert Leichtigkeit, Elastizit\u00e4t und hervorragende Atmungsaktivit\u00e4t \u2013 perfekt auch in den w\u00e4rmeren Monaten. <\/p>\n<p>Die 2,75-Lagen-Konstruktion (2,5 Layer mit Soft-Touch-Innenbeschichtung) verbessert den Komfort zus\u00e4tzlich und erm\u00f6glicht das Tragen direkt \u00fcber einem T-Shirt.<\/p>\n<p>Ein besonderes Merkmal ist die exklusive Shark-Vents-Technologie, die durch umgekehrte \u00d6ffnungen eine direkte Bel\u00fcftung erm\u00f6glicht und den Luftaustausch f\u00f6rdert, ohne die Wasserdichtigkeit zu beeintr\u00e4chtigen.<\/p>\n<p>Hauptmerkmale<br \/>\nWasserdichtigkeit 20.000 mm und vollst\u00e4ndig verschweisste Konstruktion<br \/>\nTechnisches Dermizax-Gewebe \u2013 leicht, elastisch und atmungsaktiv<br \/>\n2,75-Lagen-Konstruktion mit Soft-Touch-Innenseite<br \/>\nShark-Vents-Bel\u00fcftungssystem f\u00fcr optimale Atmungsaktivit\u00e4t<br \/>\nVollst\u00e4ndig teilbarer Frontreissverschluss<br \/>\nKapuze mit halbsteifem Schirm<br \/>\nZwei Seitentaschen mit unsichtbaren Reissverschl\u00fcssen<br \/>\nSaum mit elastischem Rand<br \/>\nReflektierende Logos f\u00fcr bessere Sichtbarkeit<br \/>\nIn den Taschen komprimierbar f\u00fcr praktischen Transport<br \/>\nIdeal f\u00fcr<br \/>\nTrekking und Outdoor-Aktivit\u00e4ten bei wechselnden Bedingungen<br \/>\nSchutz vor Regen und Wind im Sommer und in der \u00dcbergangszeit<br \/>\nT\u00e4glicher Gebrauch mit technischem Stil<\/p>\n","protected":false},"excerpt":{"rendered":"<p>Produktbeschreibung Die vollst\u00e4ndig neu gestaltete Jacket Boosted Proof ist eine hochleistungsf\u00e4hige wasserdichte Shelljacke, die maximale Funktionalit\u00e4t mit einem klaren, modernen<\/p>\n","protected":false},"featured_media":830426,"template":"","meta":{"_seopress_robots_primary_cat":"none","_seopress_titles_title":"","_seopress_titles_desc":"","_seopress_robots_index":""},"product_brand":[3614],"product_cat":[82,974,975],"product_tag":[],"class_list":{"0":"post-830548","1":"product","2":"type-product","3":"status-publish","4":"has-post-thumbnail","6":"product_brand-crazy-de","7":"product_cat-kleidung","8":"product_cat-freizeitkleidung","9":"product_cat-herrenbekleidung","10":"sws-gruppo-abb-libero-de","11":"sws-conto-ricavi-merci-rivendita-abbigliamento-de","12":"sws-gruppo-iva-iva81-de","14":"first","15":"instock","16":"shipping-taxable","17":"purchasable","18":"product-type-simple"},"_links":{"self":[{"href":"https:\/\/lucacastelli.com\/de\/wp-json\/wp\/v2\/product\/830548","targetHints":{"allow":["GET"]}}],"collection":[{"href":"https:\/\/lucacastelli.com\/de\/wp-json\/wp\/v2\/product"}],"about":[{"href":"https:\/\/lucacastelli.com\/de\/wp-json\/wp\/v2\/types\/product"}],"wp:featuredmedia":[{"embeddable":true,"href":"https:\/\/lucacastelli.com\/de\/wp-json\/wp\/v2\/media\/830426"}],"wp:attachment":[{"href":"https:\/\/lucacastelli.com\/de\/wp-json\/wp\/v2\/media?parent=830548"}],"wp:term":[{"taxonomy":"product_brand","embeddable":true,"href":"https:\/\/lucacastelli.com\/de\/wp-json\/wp\/v2\/product_brand?post=830548"},{"taxonomy":"product_cat","embeddable":true,"href":"https:\/\/lucacastelli.com\/de\/wp-json\/wp\/v2\/product_cat?post=830548"},{"taxonomy":"product_tag","embeddable":true,"href":"https:\/\/lucacastelli.com\/de\/wp-json\/wp\/v2\/product_tag?post=830548"}],"curies":[{"name":"wp","href":"https:\/\/api.w.org\/{rel}","templated":true}]}}