{"id":830538,"date":"2025-08-08T18:33:59","date_gmt":"2025-08-08T16:33:59","guid":{"rendered":"https:\/\/lucacastelli.com\/prodotto\/milwaukee-zangen-set-in-weichschaumeinlage\/"},"modified":"2025-08-08T18:33:59","modified_gmt":"2025-08-08T16:33:59","slug":"milwaukee-zangen-set-in-weichschaumeinlage","status":"publish","type":"product","link":"https:\/\/lucacastelli.com\/de\/produkt\/milwaukee-zangen-set-in-weichschaumeinlage\/","title":{"rendered":"MILWAUKEE Zangen-Set in Weichschaumeinlage"},"content":{"rendered":"<p>SPEZIALZANGEN-SET WEICHSCHAUMEINLAGE<br \/>\nOptimale Hebelwirkung f\u00fcr einfaches und m\u00fcheloses Arbeiten;Korrosionsschutz;\u00d6se f\u00fcr Absturzsicherung<\/p>\n<p>4932493255<br \/>\n4058546481261<\/p>\n","protected":false},"excerpt":{"rendered":"<p>SPEZIALZANGEN-SET WEICHSCHAUMEINLAGE<\/p>\n","protected":false},"featured_media":561905,"template":"","meta":{"_seopress_robots_primary_cat":"","_seopress_titles_title":"","_seopress_titles_desc":"","_seopress_robots_index":""},"product_brand":[3407],"product_cat":[5416,33],"product_tag":[3270],"class_list":{"0":"post-830538","1":"product","2":"type-product","3":"status-publish","4":"has-post-thumbnail","6":"product_brand-milwaukee","7":"product_cat-utensili-per-officina","8":"product_cat-attrezzature","9":"product_tag-import-milwau","10":"sws-conto-ricavi-merci-rivendita-macchinari-de","11":"sws-gruppo-iva-iva81-de","13":"first","14":"onbackorder","15":"sale","16":"shipping-taxable","17":"purchasable","18":"product-type-simple"},"_links":{"self":[{"href":"https:\/\/lucacastelli.com\/de\/wp-json\/wp\/v2\/product\/830538","targetHints":{"allow":["GET"]}}],"collection":[{"href":"https:\/\/lucacastelli.com\/de\/wp-json\/wp\/v2\/product"}],"about":[{"href":"https:\/\/lucacastelli.com\/de\/wp-json\/wp\/v2\/types\/product"}],"wp:featuredmedia":[{"embeddable":true,"href":"https:\/\/lucacastelli.com\/de\/wp-json\/wp\/v2\/media\/561905"}],"wp:attachment":[{"href":"https:\/\/lucacastelli.com\/de\/wp-json\/wp\/v2\/media?parent=830538"}],"wp:term":[{"taxonomy":"product_brand","embeddable":true,"href":"https:\/\/lucacastelli.com\/de\/wp-json\/wp\/v2\/product_brand?post=830538"},{"taxonomy":"product_cat","embeddable":true,"href":"https:\/\/lucacastelli.com\/de\/wp-json\/wp\/v2\/product_cat?post=830538"},{"taxonomy":"product_tag","embeddable":true,"href":"https:\/\/lucacastelli.com\/de\/wp-json\/wp\/v2\/product_tag?post=830538"}],"curies":[{"name":"wp","href":"https:\/\/api.w.org\/{rel}","templated":true}]}}