{"id":830524,"date":"2026-04-15T18:10:53","date_gmt":"2026-04-15T16:10:53","guid":{"rendered":"https:\/\/lucacastelli.com\/prodotto\/crazy-jkt-acceleration-light\/"},"modified":"2026-04-15T18:10:53","modified_gmt":"2026-04-15T16:10:53","slug":"crazy-jkt-acceleration-light","status":"publish","type":"product","link":"https:\/\/lucacastelli.com\/de\/produkt\/crazy-jkt-acceleration-light\/","title":{"rendered":"CRAZY JKT ACCELERATION LIGHT"},"content":{"rendered":"<p>Technische Hybrid-Jacke \u2013 Leichtigkeit und Performance f\u00fcr das Hiking<br \/>\nProduktbeschreibung<\/p>\n<p>Diese Jacke ist das Referenzmodell der Crazy-Kollektion und wurde entwickelt, um das perfekte Gleichgewicht zwischen Leichtigkeit, Schutz und Leistung zu bieten. Ideal f\u00fcr Hiking und hochintensive Outdoor-Aktivit\u00e4ten w\u00e4hrend der Sommersaison, garantiert sie thermischen Komfort und maximale Bewegungsfreiheit. <\/p>\n<p>Das Hybrid-Design kombiniert fortschrittliche technische Materialien zur Optimierung von Gewicht und W\u00e4rmeleistung. Das Aussenmaterial aus Airtastic-Nylon ist leicht, elastisch und reissfest, w\u00e4hrend die Polartec Alpha-Wattierung eine hervorragende Atmungsaktivit\u00e4t ohne Futter gew\u00e4hrleistet. <\/p>\n<p>Strategische Zonen wie R\u00fccken und Unterarme bestehen aus Fleece mit diskontinuierlicher Struktur, das die Bel\u00fcftung und den Feuchtigkeitstransport f\u00f6rdert und den K\u00f6rper auch bei intensivsten Aktivit\u00e4ten trocken h\u00e4lt.<\/p>\n<p>Hauptmerkmale<br \/>\nAussenmaterial aus leichtem, elastischem und widerstandsf\u00e4higem Airtastic-Nylon<br \/>\nHochgradig atmungsaktive und leistungsstarke Polartec Alpha-Wattierung<br \/>\nHybrid-Konstruktion f\u00fcr eine perfekte Balance zwischen W\u00e4rme und Bel\u00fcftung<br \/>\nKapuze mit schnelltrocknendem Innennetz<br \/>\nVollst\u00e4ndig teilbarer Front-Reissverschluss mit Schutzflap<br \/>\nEingrifftaschen mit unsichtbaren Reissverschl\u00fcssen<br \/>\nBrusttasche mit Reissverschluss<br \/>\nFlachn\u00e4hte in Kontrastfarbe<br \/>\nReflektierende Logos f\u00fcr bessere Sichtbarkeit<br \/>\nIdeal f\u00fcr<br \/>\nSommer-Hiking und Trekking<br \/>\nHochintensive Outdoor-Aktivit\u00e4ten<br \/>\nTechnischer Einsatz mit Komfort und Leichtigkeit<\/p>\n","protected":false},"excerpt":{"rendered":"<p>Technische Hybrid-Jacke \u2013 Leichtigkeit und Performance f\u00fcr das Hiking Produktbeschreibung Diese Jacke ist das Referenzmodell der Crazy-Kollektion und wurde entwickelt,<\/p>\n","protected":false},"featured_media":830429,"template":"","meta":{"_seopress_robots_primary_cat":"none","_seopress_titles_title":"","_seopress_titles_desc":"","_seopress_robots_index":""},"product_brand":[3614],"product_cat":[82,974,975],"product_tag":[],"class_list":{"0":"post-830524","1":"product","2":"type-product","3":"status-publish","4":"has-post-thumbnail","6":"product_brand-crazy-de","7":"product_cat-kleidung","8":"product_cat-freizeitkleidung","9":"product_cat-herrenbekleidung","10":"sws-gruppo-abb-libero-de","11":"sws-conto-ricavi-merci-rivendita-abbigliamento-de","12":"sws-gruppo-iva-iva81-de","14":"first","15":"instock","16":"shipping-taxable","17":"purchasable","18":"product-type-simple"},"_links":{"self":[{"href":"https:\/\/lucacastelli.com\/de\/wp-json\/wp\/v2\/product\/830524","targetHints":{"allow":["GET"]}}],"collection":[{"href":"https:\/\/lucacastelli.com\/de\/wp-json\/wp\/v2\/product"}],"about":[{"href":"https:\/\/lucacastelli.com\/de\/wp-json\/wp\/v2\/types\/product"}],"wp:featuredmedia":[{"embeddable":true,"href":"https:\/\/lucacastelli.com\/de\/wp-json\/wp\/v2\/media\/830429"}],"wp:attachment":[{"href":"https:\/\/lucacastelli.com\/de\/wp-json\/wp\/v2\/media?parent=830524"}],"wp:term":[{"taxonomy":"product_brand","embeddable":true,"href":"https:\/\/lucacastelli.com\/de\/wp-json\/wp\/v2\/product_brand?post=830524"},{"taxonomy":"product_cat","embeddable":true,"href":"https:\/\/lucacastelli.com\/de\/wp-json\/wp\/v2\/product_cat?post=830524"},{"taxonomy":"product_tag","embeddable":true,"href":"https:\/\/lucacastelli.com\/de\/wp-json\/wp\/v2\/product_tag?post=830524"}],"curies":[{"name":"wp","href":"https:\/\/api.w.org\/{rel}","templated":true}]}}