{"id":830519,"date":"2025-08-08T18:34:36","date_gmt":"2025-08-08T16:34:36","guid":{"rendered":"https:\/\/lucacastelli.com\/prodotto\/milwaukee-ratsche-und-steckschluessel-set-4\/"},"modified":"2025-08-08T18:34:36","modified_gmt":"2025-08-08T16:34:36","slug":"milwaukee-ratsche-und-steckschluessel-set-4","status":"publish","type":"product","link":"https:\/\/lucacastelli.com\/de\/produkt\/milwaukee-ratsche-und-steckschluessel-set-4\/","title":{"rendered":"MILWAUKEE Ratsche und Steckschl\u00fcssel-Set"},"content":{"rendered":"<p>56-TLG. RATSCHENSET 3\/8 &#8211; METRISCH \/ Z\u00d6LLIG<br \/>\n90-Zahn-Design mit 4 Grad Schwenkbereich f\u00fcr maximale Zug\u00e4nglichkeit in engen R\u00e4umen;Wird mit herausnehmbarer Innenschale geliefert, die perfekt f\u00fcr die Aufbewahrung in Schubladen konzipiert ist;Aufgedruckte Durchmesser an der Seite f\u00fcr einfache Erkennung;Metallausf\u00fchrung f\u00fcr maximale Haltbarkeit;FOUR FLAT\u2122-Design verhindert Wegrollen;Flacher Kopf mit b\u00fcndigem Umschalthebel f\u00fcr bessere Zug\u00e4nglichkeit in engen R\u00e4umen<\/p>\n<p>4932464946<br \/>\n4058546228910<\/p>\n","protected":false},"excerpt":{"rendered":"<p>56-TLG. RATSCHENSET 3\/8 &#8211; METRISCH \/ Z\u00d6LLIG<\/p>\n","protected":false},"featured_media":530381,"template":"","meta":{"_seopress_robots_primary_cat":"","_seopress_titles_title":"","_seopress_titles_desc":"","_seopress_robots_index":""},"product_brand":[3407],"product_cat":[5416,33],"product_tag":[3270],"class_list":{"0":"post-830519","1":"product","2":"type-product","3":"status-publish","4":"has-post-thumbnail","6":"product_brand-milwaukee","7":"product_cat-utensili-per-officina","8":"product_cat-attrezzature","9":"product_tag-import-milwau","10":"sws-conto-ricavi-merci-rivendita-macchinari-de","11":"sws-gruppo-iva-iva81-de","13":"first","14":"onbackorder","15":"sale","16":"shipping-taxable","17":"purchasable","18":"product-type-simple"},"_links":{"self":[{"href":"https:\/\/lucacastelli.com\/de\/wp-json\/wp\/v2\/product\/830519","targetHints":{"allow":["GET"]}}],"collection":[{"href":"https:\/\/lucacastelli.com\/de\/wp-json\/wp\/v2\/product"}],"about":[{"href":"https:\/\/lucacastelli.com\/de\/wp-json\/wp\/v2\/types\/product"}],"wp:featuredmedia":[{"embeddable":true,"href":"https:\/\/lucacastelli.com\/de\/wp-json\/wp\/v2\/media\/530381"}],"wp:attachment":[{"href":"https:\/\/lucacastelli.com\/de\/wp-json\/wp\/v2\/media?parent=830519"}],"wp:term":[{"taxonomy":"product_brand","embeddable":true,"href":"https:\/\/lucacastelli.com\/de\/wp-json\/wp\/v2\/product_brand?post=830519"},{"taxonomy":"product_cat","embeddable":true,"href":"https:\/\/lucacastelli.com\/de\/wp-json\/wp\/v2\/product_cat?post=830519"},{"taxonomy":"product_tag","embeddable":true,"href":"https:\/\/lucacastelli.com\/de\/wp-json\/wp\/v2\/product_tag?post=830519"}],"curies":[{"name":"wp","href":"https:\/\/api.w.org\/{rel}","templated":true}]}}