{"id":830503,"date":"2025-08-08T18:48:58","date_gmt":"2025-08-08T16:48:58","guid":{"rendered":"https:\/\/lucacastelli.com\/prodotto\/milwaukee-kardangelenk-3-4%cb%9d\/"},"modified":"2025-08-08T18:48:58","modified_gmt":"2025-08-08T16:48:58","slug":"milwaukee-kardangelenk-3-4%cb%9d","status":"publish","type":"product","link":"https:\/\/lucacastelli.com\/de\/produkt\/milwaukee-kardangelenk-3-4%cb%9d\/","title":{"rendered":"MILWAUKEE Kardangelenk 3\/4\u02dd"},"content":{"rendered":"<p>KARDANGELENK 3\/4 VIERKANT 25 GRAD<br \/>\nSHOCKWAVE\u2122 IMPACT DUTY Stahl (Chrom-Molybd\u00e4n) ist ein hochwertiger legierter Stahl, der maximale Festigkeit und Langlebigkeit bietet; Gelenk mit 25\u00b0-Neigung f\u00fcr einfacheres Arbeiten an schwer zug\u00e4nglichen Stellen; Laser-gravierter und wei\u00df ausgef\u00fcllter Durchmesser erm\u00f6glicht einfache Lesbarkeit und maximale Haltbarkeit; Stiftsicherung f\u00fcr maximalen Halt der Steckschl\u00fcssel; Durchgangsloch und Nut zur Aufnahme von Sicherungszubeh\u00f6r; Pinloses Design f\u00fcr l\u00e4ngere Lebensdauer<\/p>\n<p>4932480407<br \/>\n4058546406929<\/p>\n","protected":false},"excerpt":{"rendered":"<p>KARDANGELENK 3\/4 VIERKANT 25 GRAD<\/p>\n","protected":false},"featured_media":548310,"template":"","meta":{"_seopress_robots_primary_cat":"","_seopress_titles_title":"","_seopress_titles_desc":"","_seopress_robots_index":""},"product_brand":[3407],"product_cat":[29,514,549,550],"product_tag":[3270],"class_list":{"0":"post-830503","1":"product","2":"type-product","3":"status-publish","4":"has-post-thumbnail","6":"product_brand-milwaukee","7":"product_cat-macchinari","8":"product_cat-altri-dispositivi","9":"product_cat-trapani-e-avvitatori","10":"product_cat-accessori-per-trapani-ed-avvitatori","11":"product_tag-import-milwau","12":"sws-conto-ricavi-merci-rivendita-macchinari-de","13":"sws-gruppo-iva-iva81-de","15":"first","16":"onbackorder","17":"sale","18":"shipping-taxable","19":"purchasable","20":"product-type-simple"},"_links":{"self":[{"href":"https:\/\/lucacastelli.com\/de\/wp-json\/wp\/v2\/product\/830503","targetHints":{"allow":["GET"]}}],"collection":[{"href":"https:\/\/lucacastelli.com\/de\/wp-json\/wp\/v2\/product"}],"about":[{"href":"https:\/\/lucacastelli.com\/de\/wp-json\/wp\/v2\/types\/product"}],"wp:featuredmedia":[{"embeddable":true,"href":"https:\/\/lucacastelli.com\/de\/wp-json\/wp\/v2\/media\/548310"}],"wp:attachment":[{"href":"https:\/\/lucacastelli.com\/de\/wp-json\/wp\/v2\/media?parent=830503"}],"wp:term":[{"taxonomy":"product_brand","embeddable":true,"href":"https:\/\/lucacastelli.com\/de\/wp-json\/wp\/v2\/product_brand?post=830503"},{"taxonomy":"product_cat","embeddable":true,"href":"https:\/\/lucacastelli.com\/de\/wp-json\/wp\/v2\/product_cat?post=830503"},{"taxonomy":"product_tag","embeddable":true,"href":"https:\/\/lucacastelli.com\/de\/wp-json\/wp\/v2\/product_tag?post=830503"}],"curies":[{"name":"wp","href":"https:\/\/api.w.org\/{rel}","templated":true}]}}