{"id":830499,"date":"2025-08-08T18:48:58","date_gmt":"2025-08-08T16:48:58","guid":{"rendered":"https:\/\/lucacastelli.com\/prodotto\/milwaukee-kardangelenk-%c2%bd\/"},"modified":"2025-08-08T18:48:58","modified_gmt":"2025-08-08T16:48:58","slug":"milwaukee-kardangelenk-%c2%bd","status":"publish","type":"product","link":"https:\/\/lucacastelli.com\/de\/produkt\/milwaukee-kardangelenk-%c2%bd\/","title":{"rendered":"MILWAUKEE Kardangelenk \u00bd&#8221;"},"content":{"rendered":"<p>KARDANGELENK 1\/2 VIERKANT 15 GRAD<br \/>\nSHOCKWAVE\u2122 IMPACT DUTY Stahl (Chrom-Molybd\u00e4n) ist eine hochwertige Stahllegierung, die maximale Festigkeit und Haltbarkeit bietet;Kardangelenk mit 15\u00b0 Neigung f\u00fcr einfacheres Arbeiten an schwer zug\u00e4nglichen Stellen;Laserge\u00e4tzter und mit wei\u00dfer Tinte gef\u00fcllter Durchmesser erm\u00f6glicht einfaches Ablesen und maximale Langlebigkeit;Stiftarretierung f\u00fcr maximalen Halt der Steckschl\u00fcsseleins\u00e4tze;Durchgangsbohrung und Nut zur Aufnahme von Sicherheitszubeh\u00f6r;Stiftloses Design f\u00fcr h\u00f6here Haltbarkeit<\/p>\n<p>4932480357<br \/>\n4058546406424<\/p>\n","protected":false},"excerpt":{"rendered":"<p>KARDANGELENK 1\/2 VIERKANT 15 GRAD<\/p>\n","protected":false},"featured_media":552053,"template":"","meta":{"_seopress_robots_primary_cat":"","_seopress_titles_title":"","_seopress_titles_desc":"","_seopress_robots_index":""},"product_brand":[3656],"product_cat":[169,1454,1553,1554],"product_tag":[3272],"class_list":{"0":"post-830499","1":"product","2":"type-product","3":"status-publish","4":"has-post-thumbnail","6":"product_brand-milwaukee-de","7":"product_cat-maschinen","8":"product_cat-andere-gerate","9":"product_cat-bohrer-und-schraubendreher","10":"product_cat-zubehor-fur-bohrmaschinen-und-schraubendreher","11":"product_tag-import-milwau-de","12":"sws-conto-ricavi-merci-rivendita-macchinari-de","13":"sws-gruppo-iva-iva81-de","15":"first","16":"onbackorder","17":"sale","18":"shipping-taxable","19":"purchasable","20":"product-type-simple"},"_links":{"self":[{"href":"https:\/\/lucacastelli.com\/de\/wp-json\/wp\/v2\/product\/830499","targetHints":{"allow":["GET"]}}],"collection":[{"href":"https:\/\/lucacastelli.com\/de\/wp-json\/wp\/v2\/product"}],"about":[{"href":"https:\/\/lucacastelli.com\/de\/wp-json\/wp\/v2\/types\/product"}],"wp:featuredmedia":[{"embeddable":true,"href":"https:\/\/lucacastelli.com\/de\/wp-json\/wp\/v2\/media\/552053"}],"wp:attachment":[{"href":"https:\/\/lucacastelli.com\/de\/wp-json\/wp\/v2\/media?parent=830499"}],"wp:term":[{"taxonomy":"product_brand","embeddable":true,"href":"https:\/\/lucacastelli.com\/de\/wp-json\/wp\/v2\/product_brand?post=830499"},{"taxonomy":"product_cat","embeddable":true,"href":"https:\/\/lucacastelli.com\/de\/wp-json\/wp\/v2\/product_cat?post=830499"},{"taxonomy":"product_tag","embeddable":true,"href":"https:\/\/lucacastelli.com\/de\/wp-json\/wp\/v2\/product_tag?post=830499"}],"curies":[{"name":"wp","href":"https:\/\/api.w.org\/{rel}","templated":true}]}}