{"id":830498,"date":"2025-08-08T18:47:19","date_gmt":"2025-08-08T16:47:19","guid":{"rendered":"https:\/\/lucacastelli.com\/prodotto\/milwaukee-kabeleinziehsonde-2\/"},"modified":"2025-08-08T18:47:19","modified_gmt":"2025-08-08T16:47:19","slug":"milwaukee-kabeleinziehsonde-2","status":"publish","type":"product","link":"https:\/\/lucacastelli.com\/de\/produkt\/milwaukee-kabeleinziehsonde-2\/","title":{"rendered":"MILWAUKEE Kabeleinziehsonde"},"content":{"rendered":"<p>KABELEINZIEHSONDE STAHLSEIL 15 m &#8211; 1 Stk.<br \/>\nHochflexibles Seil f\u00fcr einfachere Anwendung;Dickeres Seil f\u00fcr bessere Schubkraft;Dreifach-Draht-Design, verhindert Knicken;Reibungsarmes Geh\u00e4use f\u00fcr fl\u00fcssiges Ausziehen;Quadratischer Innengriff f\u00fcr einfacheres Aufwickeln<\/p>\n<p>4932472121<br \/>\n4058546325176<\/p>\n","protected":false},"excerpt":{"rendered":"<p>KABELEINZIEHSONDE STAHLSEIL 15 m &#8211; 1 Stk.<\/p>\n","protected":false},"featured_media":539077,"template":"","meta":{"_seopress_robots_primary_cat":"","_seopress_titles_title":"","_seopress_titles_desc":"","_seopress_robots_index":""},"product_brand":[3656],"product_cat":[5534,169,1454],"product_tag":[3272],"class_list":{"0":"post-830498","1":"product","2":"type-product","3":"status-publish","4":"has-post-thumbnail","6":"product_brand-milwaukee-de","7":"product_cat-verschiedene-maschinen-von-milwaukee","8":"product_cat-maschinen","9":"product_cat-andere-gerate","10":"product_tag-import-milwau-de","11":"sws-conto-ricavi-merci-rivendita-macchinari-de","12":"sws-gruppo-iva-iva81-de","14":"first","15":"onbackorder","16":"sale","17":"shipping-taxable","18":"purchasable","19":"product-type-simple"},"_links":{"self":[{"href":"https:\/\/lucacastelli.com\/de\/wp-json\/wp\/v2\/product\/830498","targetHints":{"allow":["GET"]}}],"collection":[{"href":"https:\/\/lucacastelli.com\/de\/wp-json\/wp\/v2\/product"}],"about":[{"href":"https:\/\/lucacastelli.com\/de\/wp-json\/wp\/v2\/types\/product"}],"wp:featuredmedia":[{"embeddable":true,"href":"https:\/\/lucacastelli.com\/de\/wp-json\/wp\/v2\/media\/539077"}],"wp:attachment":[{"href":"https:\/\/lucacastelli.com\/de\/wp-json\/wp\/v2\/media?parent=830498"}],"wp:term":[{"taxonomy":"product_brand","embeddable":true,"href":"https:\/\/lucacastelli.com\/de\/wp-json\/wp\/v2\/product_brand?post=830498"},{"taxonomy":"product_cat","embeddable":true,"href":"https:\/\/lucacastelli.com\/de\/wp-json\/wp\/v2\/product_cat?post=830498"},{"taxonomy":"product_tag","embeddable":true,"href":"https:\/\/lucacastelli.com\/de\/wp-json\/wp\/v2\/product_tag?post=830498"}],"curies":[{"name":"wp","href":"https:\/\/api.w.org\/{rel}","templated":true}]}}