{"id":830485,"date":"2025-08-08T18:47:17","date_gmt":"2025-08-08T16:47:17","guid":{"rendered":"https:\/\/lucacastelli.com\/prodotto\/milwaukee-einziehbaender\/"},"modified":"2025-08-08T18:47:17","modified_gmt":"2025-08-08T16:47:17","slug":"milwaukee-einziehbaender","status":"publish","type":"product","link":"https:\/\/lucacastelli.com\/de\/produkt\/milwaukee-einziehbaender\/","title":{"rendered":"MILWAUKEE Einziehb\u00e4nder"},"content":{"rendered":"<p>NICHT LEITENDES EINZIEHBAND 30 m 1 Stk.<br \/>\nHochflexibles Band f\u00fcr eine einfachere Anwendung; Dickeres Band f\u00fcr besseren Schub; Dreifach geflochtenes Design, verhindert Knicken; Reibungsarmes Geh\u00e4use f\u00fcr reibungsloses Ausziehen; Quadratischer Innengriff f\u00fcr einfacheres Aufwickeln<\/p>\n<p>4932472119<br \/>\n4058546325152<\/p>\n","protected":false},"excerpt":{"rendered":"<p>NICHT LEITENDES EINZIEHBAND 30 m 1 Stk.<\/p>\n","protected":false},"featured_media":539042,"template":"","meta":{"_seopress_robots_primary_cat":"","_seopress_titles_title":"","_seopress_titles_desc":"","_seopress_robots_index":""},"product_brand":[3407],"product_cat":[5531,29,514],"product_tag":[3270],"class_list":{"0":"post-830485","1":"product","2":"type-product","3":"status-publish","4":"has-post-thumbnail","6":"product_brand-milwaukee","7":"product_cat-vari-macchinari-milwaukee","8":"product_cat-macchinari","9":"product_cat-altri-dispositivi","10":"product_tag-import-milwau","11":"sws-conto-ricavi-merci-rivendita-macchinari-de","12":"sws-gruppo-iva-iva81-de","14":"first","15":"onbackorder","16":"sale","17":"shipping-taxable","18":"purchasable","19":"product-type-simple"},"_links":{"self":[{"href":"https:\/\/lucacastelli.com\/de\/wp-json\/wp\/v2\/product\/830485","targetHints":{"allow":["GET"]}}],"collection":[{"href":"https:\/\/lucacastelli.com\/de\/wp-json\/wp\/v2\/product"}],"about":[{"href":"https:\/\/lucacastelli.com\/de\/wp-json\/wp\/v2\/types\/product"}],"wp:featuredmedia":[{"embeddable":true,"href":"https:\/\/lucacastelli.com\/de\/wp-json\/wp\/v2\/media\/539042"}],"wp:attachment":[{"href":"https:\/\/lucacastelli.com\/de\/wp-json\/wp\/v2\/media?parent=830485"}],"wp:term":[{"taxonomy":"product_brand","embeddable":true,"href":"https:\/\/lucacastelli.com\/de\/wp-json\/wp\/v2\/product_brand?post=830485"},{"taxonomy":"product_cat","embeddable":true,"href":"https:\/\/lucacastelli.com\/de\/wp-json\/wp\/v2\/product_cat?post=830485"},{"taxonomy":"product_tag","embeddable":true,"href":"https:\/\/lucacastelli.com\/de\/wp-json\/wp\/v2\/product_tag?post=830485"}],"curies":[{"name":"wp","href":"https:\/\/api.w.org\/{rel}","templated":true}]}}