{"id":830477,"date":"2025-08-08T18:47:15","date_gmt":"2025-08-08T16:47:15","guid":{"rendered":"https:\/\/lucacastelli.com\/prodotto\/milwaukee-baustellenlautsprecher-m18-mit-powerbank\/"},"modified":"2025-08-08T18:47:15","modified_gmt":"2025-08-08T16:47:15","slug":"milwaukee-baustellenlautsprecher-m18-mit-powerbank","status":"publish","type":"product","link":"https:\/\/lucacastelli.com\/de\/produkt\/milwaukee-baustellenlautsprecher-m18-mit-powerbank\/","title":{"rendered":"MILWAUKEE Baustellenlautsprecher M18\u2122 mit Powerbank"},"content":{"rendered":"<p>M18SPEJSG2-0 JOBSITE SPEAKER<br \/>\nModernste Technologie: Bluetooth\u00ae-Lautsprecher f\u00fcr Baustellen; Bluetooth\u00ae 5.3 gibt Musik bis zu einer Entfernung von 60 m von Ihrem Smartphone, Computer oder Tablet wieder; Ausgewogener und klarer Klang bei jeder Lautst\u00e4rke; Premium-Lautsprecher mit Bassreflex-Port; Bietet Audio f\u00fcr kleine oder mittelgro\u00dfe R\u00e4ume; Die Audio-Verkn\u00fcpfung verbindet mehr als 200 MILWAUKEE\u00ae-Lautsprecher; Unbegrenzte Anschluss- und Befestigungsm\u00f6glichkeiten mit integrierten Haken, Nagelhaken und Durchgangsl\u00f6chern; Die gesch\u00fctzte USB-C-Buchse l\u00e4dt elektronische Ger\u00e4te; Der integrierte Stauraum erm\u00f6glicht die Aufbewahrung von Mobiltelefonen; Laufzeit f\u00fcr einen ganzen Arbeitstag mit dem M18\u2122 5,0 Ah Akku; Flexibles Akkusystem: funktioniert mit allen MILWAUKEE\u00ae M18\u2122 Akkus<\/p>\n<p>4933493530<br \/>\n4058546484019<\/p>\n","protected":false},"excerpt":{"rendered":"<p>M18SPEJSG2-0 JOBSITE SPEAKER<\/p>\n","protected":false},"featured_media":586018,"template":"","meta":{"_seopress_robots_primary_cat":"","_seopress_titles_title":"","_seopress_titles_desc":"","_seopress_robots_index":""},"product_brand":[3407],"product_cat":[5531,29,514],"product_tag":[3270],"class_list":{"0":"post-830477","1":"product","2":"type-product","3":"status-publish","4":"has-post-thumbnail","6":"product_brand-milwaukee","7":"product_cat-vari-macchinari-milwaukee","8":"product_cat-macchinari","9":"product_cat-altri-dispositivi","10":"product_tag-import-milwau","11":"sws-conto-ricavi-merci-rivendita-macchinari-de","12":"sws-gruppo-iva-iva81-de","14":"first","15":"onbackorder","16":"sale","17":"shipping-taxable","18":"purchasable","19":"product-type-simple"},"_links":{"self":[{"href":"https:\/\/lucacastelli.com\/de\/wp-json\/wp\/v2\/product\/830477","targetHints":{"allow":["GET"]}}],"collection":[{"href":"https:\/\/lucacastelli.com\/de\/wp-json\/wp\/v2\/product"}],"about":[{"href":"https:\/\/lucacastelli.com\/de\/wp-json\/wp\/v2\/types\/product"}],"wp:featuredmedia":[{"embeddable":true,"href":"https:\/\/lucacastelli.com\/de\/wp-json\/wp\/v2\/media\/586018"}],"wp:attachment":[{"href":"https:\/\/lucacastelli.com\/de\/wp-json\/wp\/v2\/media?parent=830477"}],"wp:term":[{"taxonomy":"product_brand","embeddable":true,"href":"https:\/\/lucacastelli.com\/de\/wp-json\/wp\/v2\/product_brand?post=830477"},{"taxonomy":"product_cat","embeddable":true,"href":"https:\/\/lucacastelli.com\/de\/wp-json\/wp\/v2\/product_cat?post=830477"},{"taxonomy":"product_tag","embeddable":true,"href":"https:\/\/lucacastelli.com\/de\/wp-json\/wp\/v2\/product_tag?post=830477"}],"curies":[{"name":"wp","href":"https:\/\/api.w.org\/{rel}","templated":true}]}}