{"id":830476,"date":"2025-08-08T18:47:04","date_gmt":"2025-08-08T16:47:04","guid":{"rendered":"https:\/\/lucacastelli.com\/prodotto\/milwaukee-kompakter-hochgeschwindigkeits-rohrreiniger-m12-2\/"},"modified":"2025-08-08T18:47:04","modified_gmt":"2025-08-08T16:47:04","slug":"milwaukee-kompakter-hochgeschwindigkeits-rohrreiniger-m12-2","status":"publish","type":"product","link":"https:\/\/lucacastelli.com\/de\/produkt\/milwaukee-kompakter-hochgeschwindigkeits-rohrreiniger-m12-2\/","title":{"rendered":"MILWAUKEE Kompakter Hochgeschwindigkeits-Rohrreiniger M12\u2122"},"content":{"rendered":"<p>Kompakter Hochgeschwindigkeits-Rohrreiniger M12\u2122<br \/>\nM12HSFSM-0 HIGHSPEED DRAIN CLEANER<br \/>\nMini-Akku-Hochgeschwindigkeits-Rohrreiniger;Reinigt Rohrleitungen von 32 mm (1 1\/4 Zoll) bis 50 mm (2 Zoll) mit einer L\u00e4nge bis zu 10,5 m;W\u00e4hlbare Geschwindigkeit von 450 bis 1850 U\/min f\u00fcr mehr Kontrolle w\u00e4hrend der Reinigung;6 mm Spirale mit Nylonummantelung, geeignet f\u00fcr universelle 6 mm Aufs\u00e4tze;Fu\u00dfpedalsteuerung mit Potentiometer f\u00fcr mehr Kontrolle w\u00e4hrend der Reinigungsarbeiten;Leicht und kompakt, einfach zu transportieren;Rechts- und Linkslauf-Modus;Automatische Abschaltung des Linkslaufs nach 3 Sekunden zur Verl\u00e4ngerung der Lebensdauer der Aufs\u00e4tze;Integrierte mechanische Kupplung zum Schutz des Motors bei Spiralblockierung;Ideales Fach zur Aufbewahrung von Ketten und Zubeh\u00f6r;Die Spirale kann einfach direkt auf der Baustelle ausgetauscht werden<\/p>\n<p>4933498377<br \/>\n4058546522469<\/p>\n","protected":false},"excerpt":{"rendered":"<p>M12HSFSM-0 HIGHSPEED DRAIN CLEANER<\/p>\n","protected":false},"featured_media":593537,"template":"","meta":{"_seopress_robots_primary_cat":"","_seopress_titles_title":"","_seopress_titles_desc":"","_seopress_robots_index":""},"product_brand":[3407],"product_cat":[5531,29,514],"product_tag":[3270],"class_list":{"0":"post-830476","1":"product","2":"type-product","3":"status-publish","4":"has-post-thumbnail","6":"product_brand-milwaukee","7":"product_cat-vari-macchinari-milwaukee","8":"product_cat-macchinari","9":"product_cat-altri-dispositivi","10":"product_tag-import-milwau","11":"sws-conto-ricavi-merci-rivendita-macchinari-de","12":"sws-gruppo-iva-iva81-de","14":"first","15":"onbackorder","16":"sale","17":"shipping-taxable","18":"purchasable","19":"product-type-simple"},"_links":{"self":[{"href":"https:\/\/lucacastelli.com\/de\/wp-json\/wp\/v2\/product\/830476","targetHints":{"allow":["GET"]}}],"collection":[{"href":"https:\/\/lucacastelli.com\/de\/wp-json\/wp\/v2\/product"}],"about":[{"href":"https:\/\/lucacastelli.com\/de\/wp-json\/wp\/v2\/types\/product"}],"wp:featuredmedia":[{"embeddable":true,"href":"https:\/\/lucacastelli.com\/de\/wp-json\/wp\/v2\/media\/593537"}],"wp:attachment":[{"href":"https:\/\/lucacastelli.com\/de\/wp-json\/wp\/v2\/media?parent=830476"}],"wp:term":[{"taxonomy":"product_brand","embeddable":true,"href":"https:\/\/lucacastelli.com\/de\/wp-json\/wp\/v2\/product_brand?post=830476"},{"taxonomy":"product_cat","embeddable":true,"href":"https:\/\/lucacastelli.com\/de\/wp-json\/wp\/v2\/product_cat?post=830476"},{"taxonomy":"product_tag","embeddable":true,"href":"https:\/\/lucacastelli.com\/de\/wp-json\/wp\/v2\/product_tag?post=830476"}],"curies":[{"name":"wp","href":"https:\/\/api.w.org\/{rel}","templated":true}]}}