{"id":830471,"date":"2025-08-08T18:47:06","date_gmt":"2025-08-08T16:47:06","guid":{"rendered":"https:\/\/lucacastelli.com\/prodotto\/milwaukee-kompakte-rohrreinigungsmaschine-m18-fuel\/"},"modified":"2025-08-08T18:47:06","modified_gmt":"2025-08-08T16:47:06","slug":"milwaukee-kompakte-rohrreinigungsmaschine-m18-fuel","status":"publish","type":"product","link":"https:\/\/lucacastelli.com\/de\/produkt\/milwaukee-kompakte-rohrreinigungsmaschine-m18-fuel\/","title":{"rendered":"MILWAUKEE Kompakte Rohrreinigungsmaschine M18 FUEL\u2122"},"content":{"rendered":"<p>Kompakte Rohrreinigungsmaschine M18 FUEL\u2122<br \/>\nM18 FCSSM-121 \/ ROHRREINIGUNGSWERKZEUGE<br \/>\nKompakte Rohrreinigungsmaschine f\u00fcr 16 mm und 22 mm Teilspiralen, kompatibel mit MILWAUKEE\u00ae-Sektionen oder marktg\u00e4ngigen L\u00f6sungen: eliminiert die Risiken kabelgebundener Ger\u00e4te; Extrem leicht: 14 kg f\u00fcr einfachen Transport; Geeignet f\u00fcr Rohre von 32 mm bis 160 mm, bis zu maximal 46 m; Vollst\u00e4ndig isolierte MILWAUKEE\u00ae-Trommeln (separat erh\u00e4ltlich) f\u00fcr den Transport von 16 mm und 22 mm Spiralen, f\u00fcr besseren Schmutzr\u00fcckhalt; Extrem kompakt f\u00fcr Arbeiten in engsten R\u00e4umen; Die FUEL\u2122-Technologie definiert Akku-Elektrowerkzeuge neu. Der b\u00fcrstenlose Motor, die REDLINK PLUS\u2122-Elektronik und der REDLITHIUM\u2122-Akkupack bieten \u00fcberlegene Leistung und Lebensdauer; Kompatibel mit allen MILWAUKEE\u00ae M18\u2122 Akkus; Spiralen und K\u00f6pfe separat erh\u00e4ltlich <\/p>\n<p>4933499308<br \/>\n4058546564728<\/p>\n","protected":false},"excerpt":{"rendered":"<p>M18 FCSSM-121 \/ ROHRREINIGUNGSWERKZEUGE<\/p>\n","protected":false},"featured_media":590555,"template":"","meta":{"_seopress_robots_primary_cat":"","_seopress_titles_title":"","_seopress_titles_desc":"","_seopress_robots_index":""},"product_brand":[3407],"product_cat":[5531,29,514],"product_tag":[3270],"class_list":{"0":"post-830471","1":"product","2":"type-product","3":"status-publish","4":"has-post-thumbnail","6":"product_brand-milwaukee","7":"product_cat-vari-macchinari-milwaukee","8":"product_cat-macchinari","9":"product_cat-altri-dispositivi","10":"product_tag-import-milwau","11":"sws-conto-ricavi-merci-rivendita-macchinari-de","12":"sws-gruppo-iva-iva81-de","14":"first","15":"onbackorder","16":"sale","17":"shipping-taxable","18":"purchasable","19":"product-type-simple"},"_links":{"self":[{"href":"https:\/\/lucacastelli.com\/de\/wp-json\/wp\/v2\/product\/830471","targetHints":{"allow":["GET"]}}],"collection":[{"href":"https:\/\/lucacastelli.com\/de\/wp-json\/wp\/v2\/product"}],"about":[{"href":"https:\/\/lucacastelli.com\/de\/wp-json\/wp\/v2\/types\/product"}],"wp:featuredmedia":[{"embeddable":true,"href":"https:\/\/lucacastelli.com\/de\/wp-json\/wp\/v2\/media\/590555"}],"wp:attachment":[{"href":"https:\/\/lucacastelli.com\/de\/wp-json\/wp\/v2\/media?parent=830471"}],"wp:term":[{"taxonomy":"product_brand","embeddable":true,"href":"https:\/\/lucacastelli.com\/de\/wp-json\/wp\/v2\/product_brand?post=830471"},{"taxonomy":"product_cat","embeddable":true,"href":"https:\/\/lucacastelli.com\/de\/wp-json\/wp\/v2\/product_cat?post=830471"},{"taxonomy":"product_tag","embeddable":true,"href":"https:\/\/lucacastelli.com\/de\/wp-json\/wp\/v2\/product_tag?post=830471"}],"curies":[{"name":"wp","href":"https:\/\/api.w.org\/{rel}","templated":true}]}}