{"id":830467,"date":"2025-08-08T18:47:02","date_gmt":"2025-08-08T16:47:02","guid":{"rendered":"https:\/\/lucacastelli.com\/prodotto\/milwaukee-hochgeschwindigkeits-rohrreinigungsmaschine-m18-2\/"},"modified":"2025-08-08T18:47:02","modified_gmt":"2025-08-08T16:47:02","slug":"milwaukee-hochgeschwindigkeits-rohrreinigungsmaschine-m18-2","status":"publish","type":"product","link":"https:\/\/lucacastelli.com\/de\/produkt\/milwaukee-hochgeschwindigkeits-rohrreinigungsmaschine-m18-2\/","title":{"rendered":"MILWAUKEE Hochgeschwindigkeits-Rohrreinigungsmaschine M18\u2122"},"content":{"rendered":"<p>M18 HSFSM-0 \/HOCHGESCHW.-ROHRREINIGER<br \/>\nEinsetzbar in Rohren von 32 mm (1 1\/4\u201c) bis 100 mm (4\u201c) bis zu 23 m L\u00e4nge;Variable Drehzahl von 600 bis 2200 min\u207b\u00b9 f\u00fcr mehr Kontrolle und Sauberkeit;Die mechanische Kupplung unterst\u00fctzt beim Aufwickeln der Welle;8 mm nylonbeschichtete Welle, auch mit g\u00e4ngigen Spiralen kompatibel;Elektronisches Fu\u00dfpedal und integrierte Bremse f\u00fcr mehr Kontrolle und Anwendersicherheit;Gel\u00e4ndeg\u00e4ngige R\u00e4der und Teleskopgriff f\u00fcr einfachen Transport;L\u00e4ngere Lebensdauer durch robusten Au\u00dfenrahmen und einfache Reparatur der Wellen direkt vor Ort<\/p>\n<p>4933480721<br \/>\n4058546410063<\/p>\n","protected":false},"excerpt":{"rendered":"<p>M18 HSFSM-0 \/HOCHGESCHW.-ROHRREINIGER<\/p>\n","protected":false},"featured_media":582762,"template":"","meta":{"_seopress_robots_primary_cat":"","_seopress_titles_title":"","_seopress_titles_desc":"","_seopress_robots_index":""},"product_brand":[3407],"product_cat":[5531,29,514],"product_tag":[3270],"class_list":{"0":"post-830467","1":"product","2":"type-product","3":"status-publish","4":"has-post-thumbnail","6":"product_brand-milwaukee","7":"product_cat-vari-macchinari-milwaukee","8":"product_cat-macchinari","9":"product_cat-altri-dispositivi","10":"product_tag-import-milwau","11":"sws-conto-ricavi-merci-rivendita-macchinari-de","12":"sws-gruppo-iva-iva81-de","14":"first","15":"onbackorder","16":"sale","17":"shipping-taxable","18":"purchasable","19":"product-type-simple"},"_links":{"self":[{"href":"https:\/\/lucacastelli.com\/de\/wp-json\/wp\/v2\/product\/830467","targetHints":{"allow":["GET"]}}],"collection":[{"href":"https:\/\/lucacastelli.com\/de\/wp-json\/wp\/v2\/product"}],"about":[{"href":"https:\/\/lucacastelli.com\/de\/wp-json\/wp\/v2\/types\/product"}],"wp:featuredmedia":[{"embeddable":true,"href":"https:\/\/lucacastelli.com\/de\/wp-json\/wp\/v2\/media\/582762"}],"wp:attachment":[{"href":"https:\/\/lucacastelli.com\/de\/wp-json\/wp\/v2\/media?parent=830467"}],"wp:term":[{"taxonomy":"product_brand","embeddable":true,"href":"https:\/\/lucacastelli.com\/de\/wp-json\/wp\/v2\/product_brand?post=830467"},{"taxonomy":"product_cat","embeddable":true,"href":"https:\/\/lucacastelli.com\/de\/wp-json\/wp\/v2\/product_cat?post=830467"},{"taxonomy":"product_tag","embeddable":true,"href":"https:\/\/lucacastelli.com\/de\/wp-json\/wp\/v2\/product_tag?post=830467"}],"curies":[{"name":"wp","href":"https:\/\/api.w.org\/{rel}","templated":true}]}}