{"id":830442,"date":"2025-08-08T18:41:02","date_gmt":"2025-08-08T16:41:02","guid":{"rendered":"https:\/\/lucacastelli.com\/prodotto\/milwaukee-zimmermannswinkel-20x30-cm-metrisch\/"},"modified":"2025-08-08T18:41:02","modified_gmt":"2025-08-08T16:41:02","slug":"milwaukee-zimmermannswinkel-20x30-cm-metrisch","status":"publish","type":"product","link":"https:\/\/lucacastelli.com\/de\/produkt\/milwaukee-zimmermannswinkel-20x30-cm-metrisch\/","title":{"rendered":"MILWAUKEE ZIMMERMANNSWINKEL 20&#215;30 cm &#8211; Metrisch"},"content":{"rendered":"<p>ZIMMERMANNSWINKEL 20&#215;30 cm &#8211; Metrisch<br \/>\nVerst\u00e4rkter Aluminiumk\u00f6rper f\u00fcr h\u00f6here Langlebigkeit;Lasergravur f\u00fcr bessere Sichtbarkeit;Pr\u00e4zise Einkerbungen zur Erleichterung der Markierung;Eloxierte Beschichtung zum Schutz vor Verschlei\u00df auf der Baustelle und Korrosion<\/p>\n<p>4932498718<br \/>\n4058546525873<\/p>\n","protected":false},"excerpt":{"rendered":"<p>ZIMMERMANNSWINKEL 20&#215;30 cm &#8211; Metrisch<\/p>\n","protected":false},"featured_media":592242,"template":"","meta":{"_seopress_robots_primary_cat":"","_seopress_titles_title":"","_seopress_titles_desc":"","_seopress_robots_index":""},"product_brand":[3407],"product_cat":[29,514,551],"product_tag":[3270],"class_list":{"0":"post-830442","1":"product","2":"type-product","3":"status-publish","4":"has-post-thumbnail","6":"product_brand-milwaukee","7":"product_cat-macchinari","8":"product_cat-altri-dispositivi","9":"product_cat-apparecchi-di-misurazione","10":"product_tag-import-milwau","11":"sws-conto-ricavi-merci-rivendita-macchinari-de","12":"sws-gruppo-iva-iva81-de","14":"first","15":"onbackorder","16":"sale","17":"shipping-taxable","18":"purchasable","19":"product-type-simple"},"_links":{"self":[{"href":"https:\/\/lucacastelli.com\/de\/wp-json\/wp\/v2\/product\/830442","targetHints":{"allow":["GET"]}}],"collection":[{"href":"https:\/\/lucacastelli.com\/de\/wp-json\/wp\/v2\/product"}],"about":[{"href":"https:\/\/lucacastelli.com\/de\/wp-json\/wp\/v2\/types\/product"}],"wp:featuredmedia":[{"embeddable":true,"href":"https:\/\/lucacastelli.com\/de\/wp-json\/wp\/v2\/media\/592242"}],"wp:attachment":[{"href":"https:\/\/lucacastelli.com\/de\/wp-json\/wp\/v2\/media?parent=830442"}],"wp:term":[{"taxonomy":"product_brand","embeddable":true,"href":"https:\/\/lucacastelli.com\/de\/wp-json\/wp\/v2\/product_brand?post=830442"},{"taxonomy":"product_cat","embeddable":true,"href":"https:\/\/lucacastelli.com\/de\/wp-json\/wp\/v2\/product_cat?post=830442"},{"taxonomy":"product_tag","embeddable":true,"href":"https:\/\/lucacastelli.com\/de\/wp-json\/wp\/v2\/product_tag?post=830442"}],"curies":[{"name":"wp","href":"https:\/\/api.w.org\/{rel}","templated":true}]}}