{"id":830439,"date":"2025-08-08T18:41:01","date_gmt":"2025-08-08T16:41:01","guid":{"rendered":"https:\/\/lucacastelli.com\/prodotto\/milwaukee-messlatte-240-cm-fuer-laser\/"},"modified":"2025-08-08T18:41:01","modified_gmt":"2025-08-08T16:41:01","slug":"milwaukee-messlatte-240-cm-fuer-laser","status":"publish","type":"product","link":"https:\/\/lucacastelli.com\/de\/produkt\/milwaukee-messlatte-240-cm-fuer-laser\/","title":{"rendered":"MILWAUKEE Messlatte 240 cm f\u00fcr Laser"},"content":{"rendered":"<p>SR240 \/ZUBEH\u00d6R F\u00dcR LASERNIVELLIERGER\u00c4TE<br \/>\nMessskala bis 2,4 Meter mit integrierter Empf\u00e4ngerhalterung f\u00fcr schnelles Positionieren des Empf\u00e4ngers;Robuster Aluminiumrahmen f\u00fcr Widerstandsf\u00e4higkeit unter Baustellenbedingungen;Robuste Verschl\u00fcsse zum Schutz des Rahmens vor Besch\u00e4digungen;Verstellbare Libelle f\u00fcr pr\u00e4zisere Einstellung<\/p>\n<p>4932493202<br \/>\n4058546480738<\/p>\n","protected":false},"excerpt":{"rendered":"<p>SR240 \/ZUBEH\u00d6R F\u00dcR LASERNIVELLIERGER\u00c4TE<\/p>\n","protected":false},"featured_media":561534,"template":"","meta":{"_seopress_robots_primary_cat":"","_seopress_titles_title":"","_seopress_titles_desc":"","_seopress_robots_index":""},"product_brand":[3407],"product_cat":[29,514,551],"product_tag":[3270],"class_list":{"0":"post-830439","1":"product","2":"type-product","3":"status-publish","4":"has-post-thumbnail","6":"product_brand-milwaukee","7":"product_cat-macchinari","8":"product_cat-altri-dispositivi","9":"product_cat-apparecchi-di-misurazione","10":"product_tag-import-milwau","11":"sws-conto-ricavi-merci-rivendita-macchinari-de","12":"sws-gruppo-iva-iva81-de","14":"first","15":"onbackorder","16":"sale","17":"shipping-taxable","18":"purchasable","19":"product-type-simple"},"_links":{"self":[{"href":"https:\/\/lucacastelli.com\/de\/wp-json\/wp\/v2\/product\/830439","targetHints":{"allow":["GET"]}}],"collection":[{"href":"https:\/\/lucacastelli.com\/de\/wp-json\/wp\/v2\/product"}],"about":[{"href":"https:\/\/lucacastelli.com\/de\/wp-json\/wp\/v2\/types\/product"}],"wp:featuredmedia":[{"embeddable":true,"href":"https:\/\/lucacastelli.com\/de\/wp-json\/wp\/v2\/media\/561534"}],"wp:attachment":[{"href":"https:\/\/lucacastelli.com\/de\/wp-json\/wp\/v2\/media?parent=830439"}],"wp:term":[{"taxonomy":"product_brand","embeddable":true,"href":"https:\/\/lucacastelli.com\/de\/wp-json\/wp\/v2\/product_brand?post=830439"},{"taxonomy":"product_cat","embeddable":true,"href":"https:\/\/lucacastelli.com\/de\/wp-json\/wp\/v2\/product_cat?post=830439"},{"taxonomy":"product_tag","embeddable":true,"href":"https:\/\/lucacastelli.com\/de\/wp-json\/wp\/v2\/product_tag?post=830439"}],"curies":[{"name":"wp","href":"https:\/\/api.w.org\/{rel}","templated":true}]}}