{"id":830373,"date":"2025-08-08T18:58:36","date_gmt":"2025-08-08T16:58:36","guid":{"rendered":"https:\/\/lucacastelli.com\/prodotto\/milwaukee-packout-steckschluessel-set-1-2%e2%80%b3\/"},"modified":"2025-08-08T18:58:36","modified_gmt":"2025-08-08T16:58:36","slug":"milwaukee-packout-steckschluessel-set-1-2%e2%80%b3","status":"publish","type":"product","link":"https:\/\/lucacastelli.com\/de\/produkt\/milwaukee-packout-steckschluessel-set-1-2%e2%80%b3\/","title":{"rendered":"MILWAUKEE PACKOUT\u2122 STECKSCHL\u00dcSSEL-SET 1\/2\u2033"},"content":{"rendered":"<p>PACKOUT\u2122 STECKSCHL\u00dcSSEL-SET 1\/2\u2033<br \/>\nSHOCKWAVE\u2122 IMPACT DUTY Stahl (Chrom-Molybd\u00e4n) ist ein hochwertiger legierter Stahl f\u00fcr maximale Festigkeit und Haltbarkeit; 6 Greifpunkte f\u00fcr h\u00f6chste Pr\u00e4zision; Abgerundete Ecken f\u00fcr bessere Drehmoment\u00fcbertragung ohne Materialbelastung; Lange Ausf\u00fchrung f\u00fcr \u00fcberstehende Bolzen; Laser-gravierte Gr\u00f6\u00dfenmarkierung mit wei\u00dfer Tinte f\u00fcr beste Lesbarkeit und Langlebigkeit; Durchgangsloch und Nut zur Sicherung des Zubeh\u00f6rs<\/p>\n<p>4932480943<br \/>\n4058546412289<\/p>\n","protected":false},"excerpt":{"rendered":"<p>PACKOUT\u2122 STECKSCHL\u00dcSSEL-SET 1\/2\u2033<\/p>\n","protected":false},"featured_media":554566,"template":"","meta":{"_seopress_robots_primary_cat":"","_seopress_titles_title":"","_seopress_titles_desc":"","_seopress_robots_index":""},"product_brand":[3407],"product_cat":[5416,33],"product_tag":[3270],"class_list":{"0":"post-830373","1":"product","2":"type-product","3":"status-publish","4":"has-post-thumbnail","6":"product_brand-milwaukee","7":"product_cat-utensili-per-officina","8":"product_cat-attrezzature","9":"product_tag-import-milwau","10":"sws-conto-ricavi-merci-rivendita-macchinari-de","11":"sws-gruppo-iva-iva81-de","13":"first","14":"onbackorder","15":"sale","16":"shipping-taxable","17":"purchasable","18":"product-type-simple"},"_links":{"self":[{"href":"https:\/\/lucacastelli.com\/de\/wp-json\/wp\/v2\/product\/830373","targetHints":{"allow":["GET"]}}],"collection":[{"href":"https:\/\/lucacastelli.com\/de\/wp-json\/wp\/v2\/product"}],"about":[{"href":"https:\/\/lucacastelli.com\/de\/wp-json\/wp\/v2\/types\/product"}],"wp:featuredmedia":[{"embeddable":true,"href":"https:\/\/lucacastelli.com\/de\/wp-json\/wp\/v2\/media\/554566"}],"wp:attachment":[{"href":"https:\/\/lucacastelli.com\/de\/wp-json\/wp\/v2\/media?parent=830373"}],"wp:term":[{"taxonomy":"product_brand","embeddable":true,"href":"https:\/\/lucacastelli.com\/de\/wp-json\/wp\/v2\/product_brand?post=830373"},{"taxonomy":"product_cat","embeddable":true,"href":"https:\/\/lucacastelli.com\/de\/wp-json\/wp\/v2\/product_cat?post=830373"},{"taxonomy":"product_tag","embeddable":true,"href":"https:\/\/lucacastelli.com\/de\/wp-json\/wp\/v2\/product_tag?post=830373"}],"curies":[{"name":"wp","href":"https:\/\/api.w.org\/{rel}","templated":true}]}}