{"id":830368,"date":"2025-08-08T18:58:46","date_gmt":"2025-08-08T16:58:46","guid":{"rendered":"https:\/\/lucacastelli.com\/prodotto\/milwaukee-rollgabelschluessel-set-in-weichschaumeinlage\/"},"modified":"2025-08-08T18:58:46","modified_gmt":"2025-08-08T16:58:46","slug":"milwaukee-rollgabelschluessel-set-in-weichschaumeinlage","status":"publish","type":"product","link":"https:\/\/lucacastelli.com\/de\/produkt\/milwaukee-rollgabelschluessel-set-in-weichschaumeinlage\/","title":{"rendered":"MILWAUKEE Rollgabelschl\u00fcssel-Set in Weichschaumeinlage"},"content":{"rendered":"<p>ROLLGABELSCHL\u00dcSSEL-SET WEICHSCHAUMEINLAGE<br \/>\nGer\u00e4ndelte Einstellrolle f\u00fcr maximale Pr\u00e4zision und Halt. Die Backe springt nach der Einstellung nicht zur\u00fcck;Verchromte Schl\u00fcssel f\u00fcr besseren Rostschutz;Ergonomisch gestalteter Griff. Abgerundet f\u00fcr maximalen Komfort bei der Anwendung;Schlanker Kopf f\u00fcr schwer zug\u00e4ngliche Stellen;Parallele Backen;Lasergravur Zoll\/mm f\u00fcr maximale Pr\u00e4zision;\u00d6se f\u00fcr Schlaufe  <\/p>\n<p>4932492397<br \/>\n4058546417642<\/p>\n","protected":false},"excerpt":{"rendered":"<p>ROLLGABELSCHL\u00dcSSEL-SET WEICHSCHAUMEINLAGE<\/p>\n","protected":false},"featured_media":556307,"template":"","meta":{"_seopress_robots_primary_cat":"","_seopress_titles_title":"","_seopress_titles_desc":"","_seopress_robots_index":""},"product_brand":[3656],"product_cat":[150,5529],"product_tag":[3272],"class_list":{"0":"post-830368","1":"product","2":"type-product","3":"status-publish","4":"has-post-thumbnail","6":"product_brand-milwaukee-de","7":"product_cat-ausrustung","8":"product_cat-workshop-tools","9":"product_tag-import-milwau-de","10":"sws-conto-ricavi-merci-rivendita-macchinari-de","11":"sws-gruppo-iva-iva81-de","13":"first","14":"onbackorder","15":"sale","16":"shipping-taxable","17":"purchasable","18":"product-type-simple"},"_links":{"self":[{"href":"https:\/\/lucacastelli.com\/de\/wp-json\/wp\/v2\/product\/830368","targetHints":{"allow":["GET"]}}],"collection":[{"href":"https:\/\/lucacastelli.com\/de\/wp-json\/wp\/v2\/product"}],"about":[{"href":"https:\/\/lucacastelli.com\/de\/wp-json\/wp\/v2\/types\/product"}],"wp:featuredmedia":[{"embeddable":true,"href":"https:\/\/lucacastelli.com\/de\/wp-json\/wp\/v2\/media\/556307"}],"wp:attachment":[{"href":"https:\/\/lucacastelli.com\/de\/wp-json\/wp\/v2\/media?parent=830368"}],"wp:term":[{"taxonomy":"product_brand","embeddable":true,"href":"https:\/\/lucacastelli.com\/de\/wp-json\/wp\/v2\/product_brand?post=830368"},{"taxonomy":"product_cat","embeddable":true,"href":"https:\/\/lucacastelli.com\/de\/wp-json\/wp\/v2\/product_cat?post=830368"},{"taxonomy":"product_tag","embeddable":true,"href":"https:\/\/lucacastelli.com\/de\/wp-json\/wp\/v2\/product_tag?post=830368"}],"curies":[{"name":"wp","href":"https:\/\/api.w.org\/{rel}","templated":true}]}}