{"id":830367,"date":"2025-08-08T18:58:33","date_gmt":"2025-08-08T16:58:33","guid":{"rendered":"https:\/\/lucacastelli.com\/prodotto\/milwaukee-kardangelenk-1-2%e2%80%b3\/"},"modified":"2025-08-08T18:58:33","modified_gmt":"2025-08-08T16:58:33","slug":"milwaukee-kardangelenk-1-2%e2%80%b3","status":"publish","type":"product","link":"https:\/\/lucacastelli.com\/de\/produkt\/milwaukee-kardangelenk-1-2%e2%80%b3\/","title":{"rendered":"MILWAUKEE Kardangelenk 1\/2\u2033"},"content":{"rendered":"<p>KARDANGELENK 1\/2\u2033<br \/>\nH\u00f6here Langlebigkeit des Gelenks f\u00fcr h\u00f6here Drehmomente.;Die Schwenkfunktion erm\u00f6glicht zus\u00e4tzlichen Zugang und kann auch in der Standardposition verwendet werden, wenn der Steckschl\u00fcssel vollst\u00e4ndig eingesetzt ist.;Erm\u00f6glicht den Zugang zu schwer erreichbaren Winkeln, die mit einer festen Ratsche und Steckschl\u00fcssel nicht erreicht werden k\u00f6nnen.;Verchromte Oberfl\u00e4che f\u00fcr Korrosions- und Rostbest\u00e4ndigkeit.;Laser-gravierte Gr\u00f6\u00dfenmarkierung f\u00fcr schnelle und einfache Identifizierung.<\/p>\n<p>4932480650<br \/>\n4058546409357<\/p>\n","protected":false},"excerpt":{"rendered":"<p>KARDANGELENK 1\/2\u2033<\/p>\n","protected":false},"featured_media":553177,"template":"","meta":{"_seopress_robots_primary_cat":"","_seopress_titles_title":"","_seopress_titles_desc":"","_seopress_robots_index":""},"product_brand":[3407],"product_cat":[5416,33],"product_tag":[3270],"class_list":{"0":"post-830367","1":"product","2":"type-product","3":"status-publish","4":"has-post-thumbnail","6":"product_brand-milwaukee","7":"product_cat-utensili-per-officina","8":"product_cat-attrezzature","9":"product_tag-import-milwau","10":"sws-conto-ricavi-merci-rivendita-macchinari-de","11":"sws-gruppo-iva-iva81-de","13":"first","14":"onbackorder","15":"sale","16":"shipping-taxable","17":"purchasable","18":"product-type-simple"},"_links":{"self":[{"href":"https:\/\/lucacastelli.com\/de\/wp-json\/wp\/v2\/product\/830367","targetHints":{"allow":["GET"]}}],"collection":[{"href":"https:\/\/lucacastelli.com\/de\/wp-json\/wp\/v2\/product"}],"about":[{"href":"https:\/\/lucacastelli.com\/de\/wp-json\/wp\/v2\/types\/product"}],"wp:featuredmedia":[{"embeddable":true,"href":"https:\/\/lucacastelli.com\/de\/wp-json\/wp\/v2\/media\/553177"}],"wp:attachment":[{"href":"https:\/\/lucacastelli.com\/de\/wp-json\/wp\/v2\/media?parent=830367"}],"wp:term":[{"taxonomy":"product_brand","embeddable":true,"href":"https:\/\/lucacastelli.com\/de\/wp-json\/wp\/v2\/product_brand?post=830367"},{"taxonomy":"product_cat","embeddable":true,"href":"https:\/\/lucacastelli.com\/de\/wp-json\/wp\/v2\/product_cat?post=830367"},{"taxonomy":"product_tag","embeddable":true,"href":"https:\/\/lucacastelli.com\/de\/wp-json\/wp\/v2\/product_tag?post=830367"}],"curies":[{"name":"wp","href":"https:\/\/api.w.org\/{rel}","templated":true}]}}