{"id":830360,"date":"2025-08-08T18:58:40","date_gmt":"2025-08-08T16:58:40","guid":{"rendered":"https:\/\/lucacastelli.com\/prodotto\/milwaukee-set-gelenkiger-ratschenkombischluessel-max-bite-in-weichschaumeinlage\/"},"modified":"2025-08-08T18:58:40","modified_gmt":"2025-08-08T16:58:40","slug":"milwaukee-set-gelenkiger-ratschenkombischluessel-max-bite-in-weichschaumeinlage","status":"publish","type":"product","link":"https:\/\/lucacastelli.com\/de\/produkt\/milwaukee-set-gelenkiger-ratschenkombischluessel-max-bite-in-weichschaumeinlage\/","title":{"rendered":"MILWAUKEE Set gelenkiger Ratschenkombischl\u00fcssel MAX BITE\u2122 in Weichschaumeinlage"},"content":{"rendered":"<p>Maxb. Head Spanner Set Foam Insert 15pc<br \/>\nGelenkiger Kopf mit bis zu 180\u00b0 Drehung f\u00fcr maximalen Zugang in engen R\u00e4umen;MAX BITE\u2122-\u00d6ffnung reduziert Verbiegen und Abplatzen;144-Zahn-Ratsche mit 2,5\u00b0 Schwenkbereich f\u00fcr Arbeiten in engsten R\u00e4umen;Doppelte Sperrklinke f\u00fcr langlebigen und dauerhaften Mechanismus;Abgerundeter I-Beam-Griff f\u00fcr komfortablen Halt <\/p>\n<p>4932479829<br \/>\n4058546376239<\/p>\n","protected":false},"excerpt":{"rendered":"<p>Maxb. Head Spanner Set Foam Insert 15pc <\/p>\n","protected":false},"featured_media":544877,"template":"","meta":{"_seopress_robots_primary_cat":"","_seopress_titles_title":"","_seopress_titles_desc":"","_seopress_robots_index":""},"product_brand":[3407],"product_cat":[5416,33],"product_tag":[3270],"class_list":{"0":"post-830360","1":"product","2":"type-product","3":"status-publish","4":"has-post-thumbnail","6":"product_brand-milwaukee","7":"product_cat-utensili-per-officina","8":"product_cat-attrezzature","9":"product_tag-import-milwau","10":"sws-conto-ricavi-merci-rivendita-macchinari-de","11":"sws-gruppo-iva-iva81-de","13":"first","14":"onbackorder","15":"sale","16":"shipping-taxable","17":"purchasable","18":"product-type-simple"},"_links":{"self":[{"href":"https:\/\/lucacastelli.com\/de\/wp-json\/wp\/v2\/product\/830360","targetHints":{"allow":["GET"]}}],"collection":[{"href":"https:\/\/lucacastelli.com\/de\/wp-json\/wp\/v2\/product"}],"about":[{"href":"https:\/\/lucacastelli.com\/de\/wp-json\/wp\/v2\/types\/product"}],"wp:featuredmedia":[{"embeddable":true,"href":"https:\/\/lucacastelli.com\/de\/wp-json\/wp\/v2\/media\/544877"}],"wp:attachment":[{"href":"https:\/\/lucacastelli.com\/de\/wp-json\/wp\/v2\/media?parent=830360"}],"wp:term":[{"taxonomy":"product_brand","embeddable":true,"href":"https:\/\/lucacastelli.com\/de\/wp-json\/wp\/v2\/product_brand?post=830360"},{"taxonomy":"product_cat","embeddable":true,"href":"https:\/\/lucacastelli.com\/de\/wp-json\/wp\/v2\/product_cat?post=830360"},{"taxonomy":"product_tag","embeddable":true,"href":"https:\/\/lucacastelli.com\/de\/wp-json\/wp\/v2\/product_tag?post=830360"}],"curies":[{"name":"wp","href":"https:\/\/api.w.org\/{rel}","templated":true}]}}