{"id":830353,"date":"2025-08-08T18:58:48","date_gmt":"2025-08-08T16:58:48","guid":{"rendered":"https:\/\/lucacastelli.com\/prodotto\/milwaukee-3-8-handsteckschluessel-set\/"},"modified":"2025-08-08T18:58:48","modified_gmt":"2025-08-08T16:58:48","slug":"milwaukee-3-8-handsteckschluessel-set","status":"publish","type":"product","link":"https:\/\/lucacastelli.com\/de\/produkt\/milwaukee-3-8-handsteckschluessel-set\/","title":{"rendered":"MILWAUKEE 3\/8&#8243;-Handsteckschl\u00fcssel-Set"},"content":{"rendered":"<p>10-TLG. STECKSCHL\u00dcSSEL-SET KURZ 3\/8&#8243; IMPERIAL<br \/>\nFOUR FLAT\u2122 Design verhindert Wegrollen;Maximaler Grip dank FOUR FLAT\u2122 Design;Eingestanzte Gr\u00f6\u00dfen zur einfachen Identifizierung;Verchromte Oberfl\u00e4che;Lieferung auf einer Steckschl\u00fcsselschiene<\/p>\n<p>4932492508<br \/>\n4058546418755<\/p>\n","protected":false},"excerpt":{"rendered":"<p>10-TLG. STECKSCHL\u00dcSSEL-SET KURZ 3\/8&#8243; IMPERIAL<\/p>\n","protected":false},"featured_media":599671,"template":"","meta":{"_seopress_robots_primary_cat":"","_seopress_titles_title":"","_seopress_titles_desc":"","_seopress_robots_index":""},"product_brand":[3656],"product_cat":[150,5529],"product_tag":[3272],"class_list":{"0":"post-830353","1":"product","2":"type-product","3":"status-publish","4":"has-post-thumbnail","6":"product_brand-milwaukee-de","7":"product_cat-ausrustung","8":"product_cat-workshop-tools","9":"product_tag-import-milwau-de","10":"sws-conto-ricavi-merci-rivendita-macchinari-de","11":"sws-gruppo-iva-iva81-de","13":"first","14":"onbackorder","15":"sale","16":"shipping-taxable","17":"purchasable","18":"product-type-simple"},"_links":{"self":[{"href":"https:\/\/lucacastelli.com\/de\/wp-json\/wp\/v2\/product\/830353","targetHints":{"allow":["GET"]}}],"collection":[{"href":"https:\/\/lucacastelli.com\/de\/wp-json\/wp\/v2\/product"}],"about":[{"href":"https:\/\/lucacastelli.com\/de\/wp-json\/wp\/v2\/types\/product"}],"wp:featuredmedia":[{"embeddable":true,"href":"https:\/\/lucacastelli.com\/de\/wp-json\/wp\/v2\/media\/599671"}],"wp:attachment":[{"href":"https:\/\/lucacastelli.com\/de\/wp-json\/wp\/v2\/media?parent=830353"}],"wp:term":[{"taxonomy":"product_brand","embeddable":true,"href":"https:\/\/lucacastelli.com\/de\/wp-json\/wp\/v2\/product_brand?post=830353"},{"taxonomy":"product_cat","embeddable":true,"href":"https:\/\/lucacastelli.com\/de\/wp-json\/wp\/v2\/product_cat?post=830353"},{"taxonomy":"product_tag","embeddable":true,"href":"https:\/\/lucacastelli.com\/de\/wp-json\/wp\/v2\/product_tag?post=830353"}],"curies":[{"name":"wp","href":"https:\/\/api.w.org\/{rel}","templated":true}]}}