{"id":830349,"date":"2025-08-08T18:58:44","date_gmt":"2025-08-08T16:58:44","guid":{"rendered":"https:\/\/lucacastelli.com\/prodotto\/milwaukee-bit-ratsche-schluessel-und-steckschluesselsatz-1-4\/"},"modified":"2025-08-08T18:58:44","modified_gmt":"2025-08-08T16:58:44","slug":"milwaukee-bit-ratsche-schluessel-und-steckschluesselsatz-1-4","status":"publish","type":"product","link":"https:\/\/lucacastelli.com\/de\/produkt\/milwaukee-bit-ratsche-schluessel-und-steckschluesselsatz-1-4\/","title":{"rendered":"MILWAUKEE Bit-, Ratsche-, Schl\u00fcssel- und Steckschl\u00fcsselsatz 1\/4&#8243;"},"content":{"rendered":"<p>42-TLG. RATSCHEN-SET 1\/4 &#8211; METRISCH<br \/>\nMILWAUKEE\u00ae Ratsche mit 90-Zahn-Design, R\u00fccklaufwinkel und Stubby-Design f\u00fcr Arbeiten in engen R\u00e4umen.;FOUR FLAT\u2122 Design f\u00fcr den Einsatz von Schraubenschl\u00fcsseln;Kombinations-Ratschenschl\u00fcssel mit 144-Zahn-Ratsche und 2,5\u00b0 R\u00fccklaufwinkel f\u00fcr Flexibilit\u00e4t auch in engen R\u00e4umen.;Robuste Shockwave\u2122 Schrauber-Bits<\/p>\n<p>4932498382<br \/>\n4058546522513<\/p>\n","protected":false},"excerpt":{"rendered":"<p>42-TLG. RATSCHEN-SET 1\/4 &#8211; METRISCH<\/p>\n","protected":false},"featured_media":567293,"template":"","meta":{"_seopress_robots_primary_cat":"","_seopress_titles_title":"","_seopress_titles_desc":"","_seopress_robots_index":""},"product_brand":[3656],"product_cat":[150,5529],"product_tag":[3272],"class_list":{"0":"post-830349","1":"product","2":"type-product","3":"status-publish","4":"has-post-thumbnail","6":"product_brand-milwaukee-de","7":"product_cat-ausrustung","8":"product_cat-workshop-tools","9":"product_tag-import-milwau-de","10":"sws-conto-ricavi-merci-rivendita-macchinari-de","11":"sws-gruppo-iva-iva81-de","13":"first","14":"onbackorder","15":"sale","16":"shipping-taxable","17":"purchasable","18":"product-type-simple"},"_links":{"self":[{"href":"https:\/\/lucacastelli.com\/de\/wp-json\/wp\/v2\/product\/830349","targetHints":{"allow":["GET"]}}],"collection":[{"href":"https:\/\/lucacastelli.com\/de\/wp-json\/wp\/v2\/product"}],"about":[{"href":"https:\/\/lucacastelli.com\/de\/wp-json\/wp\/v2\/types\/product"}],"wp:featuredmedia":[{"embeddable":true,"href":"https:\/\/lucacastelli.com\/de\/wp-json\/wp\/v2\/media\/567293"}],"wp:attachment":[{"href":"https:\/\/lucacastelli.com\/de\/wp-json\/wp\/v2\/media?parent=830349"}],"wp:term":[{"taxonomy":"product_brand","embeddable":true,"href":"https:\/\/lucacastelli.com\/de\/wp-json\/wp\/v2\/product_brand?post=830349"},{"taxonomy":"product_cat","embeddable":true,"href":"https:\/\/lucacastelli.com\/de\/wp-json\/wp\/v2\/product_cat?post=830349"},{"taxonomy":"product_tag","embeddable":true,"href":"https:\/\/lucacastelli.com\/de\/wp-json\/wp\/v2\/product_tag?post=830349"}],"curies":[{"name":"wp","href":"https:\/\/api.w.org\/{rel}","templated":true}]}}