{"id":830313,"date":"2026-04-15T08:46:43","date_gmt":"2026-04-15T06:46:43","guid":{"rendered":"https:\/\/lucacastelli.com\/prodotto\/ortovox-fleece-light-grid-hoody\/"},"modified":"2026-04-15T08:46:43","modified_gmt":"2026-04-15T06:46:43","slug":"ortovox-fleece-light-grid-hoody","status":"publish","type":"product","link":"https:\/\/lucacastelli.com\/de\/produkt\/ortovox-fleece-light-grid-hoody\/","title":{"rendered":"ORTOVOX FLEECE LIGHT GRID HOODY"},"content":{"rendered":"<p>W\u00c4RME UND LEICHTIGKEIT<br \/>\nUltraleichte Faserpelzjacke mit Kapuze und Merinowolle f\u00fcr anspruchsvolle Bergtouren<\/p>\n<p>Highlights<br \/>\nMerinowolle auf der Haut<br \/>\nSehr leicht mit optimalem Gewichts-Isolations-Verh\u00e4ltnis<br \/>\nKompaktes Packmass<br \/>\nWarm und dennoch leicht: Der MERINO FLEECE LIGHT GRID HOODY bietet hervorragende W\u00e4rmeisolation und Bel\u00fcftung bei geringem Gewicht und kleinem Packmass. Ideal f\u00fcr den Rucksack, wenn jedes Gramm z\u00e4hlt. Dank der Waffelstruktur auf der Innenseite ist das MERINO FLEECE LIGHT GRID Material besonders atmungsaktiv, trocknet schnell und w\u00e4rmt bei sinkenden Temperaturen. Zudem wirkt die Merinowolle temperaturregulierend, geruchshemmend und ist sehr weich auf der Haut. Die zwei Fronttaschen bieten ausreichend Platz f\u00fcr Kleinigkeiten, w\u00e4hrend Kapuze und Stehkragen vor Wind und Wetter sch\u00fctzen.    <\/p>\n<p>&nbsp;<\/p>\n<p>Schutzkapuze<br \/>\n2 Vordertaschen<br \/>\nMade in Europe<\/p>\n<p>&nbsp;<\/p>\n<p>HAUPTMATERIAL: 72% Polyester + 22% Wolle (MERINO) + 6% Polyamid<\/p>\n<p>&nbsp;<\/p>\n<p>&nbsp;<\/p>\n","protected":false},"excerpt":{"rendered":"<p>W\u00c4RME UND LEICHTIGKEIT Ultraleichte Faserpelzjacke mit Kapuze und Merinowolle f\u00fcr anspruchsvolle Bergtouren Highlights Merinowolle auf der Haut Sehr leicht mit<\/p>\n","protected":false},"featured_media":830304,"template":"","meta":{"_seopress_robots_primary_cat":"","_seopress_titles_title":"","_seopress_titles_desc":"","_seopress_robots_index":""},"product_brand":[3663],"product_cat":[82,974,1388],"product_tag":[],"class_list":{"0":"post-830313","1":"product","2":"type-product","3":"status-publish","4":"has-post-thumbnail","6":"product_brand-ortovox-de","7":"product_cat-kleidung","8":"product_cat-freizeitkleidung","9":"product_cat-damenbekleidung","10":"sws-gruppo-abb-libero-de","11":"sws-conto-ricavi-merci-rivendita-abbigliamento-de","12":"sws-gruppo-iva-iva81-de","14":"first","15":"instock","16":"shipping-taxable","17":"purchasable","18":"product-type-variable","19":"has-default-attributes"},"_links":{"self":[{"href":"https:\/\/lucacastelli.com\/de\/wp-json\/wp\/v2\/product\/830313","targetHints":{"allow":["GET"]}}],"collection":[{"href":"https:\/\/lucacastelli.com\/de\/wp-json\/wp\/v2\/product"}],"about":[{"href":"https:\/\/lucacastelli.com\/de\/wp-json\/wp\/v2\/types\/product"}],"wp:featuredmedia":[{"embeddable":true,"href":"https:\/\/lucacastelli.com\/de\/wp-json\/wp\/v2\/media\/830304"}],"wp:attachment":[{"href":"https:\/\/lucacastelli.com\/de\/wp-json\/wp\/v2\/media?parent=830313"}],"wp:term":[{"taxonomy":"product_brand","embeddable":true,"href":"https:\/\/lucacastelli.com\/de\/wp-json\/wp\/v2\/product_brand?post=830313"},{"taxonomy":"product_cat","embeddable":true,"href":"https:\/\/lucacastelli.com\/de\/wp-json\/wp\/v2\/product_cat?post=830313"},{"taxonomy":"product_tag","embeddable":true,"href":"https:\/\/lucacastelli.com\/de\/wp-json\/wp\/v2\/product_tag?post=830313"}],"curies":[{"name":"wp","href":"https:\/\/api.w.org\/{rel}","templated":true}]}}