{"id":830283,"date":"2026-04-15T03:15:13","date_gmt":"2026-04-15T01:15:13","guid":{"rendered":"https:\/\/lucacastelli.com\/prodotto\/stihl-bra-500-set-mit-2-akkus-ap-300-s-und-ladegeraet-al-301\/"},"modified":"2026-04-15T03:35:51","modified_gmt":"2026-04-15T01:35:51","slug":"stihl-bra-500-set-mit-2-akkus-ap-300-s-und-ladegeraet-al-301","status":"publish","type":"product","link":"https:\/\/lucacastelli.com\/de\/produkt\/stihl-bra-500-set-mit-2-akkus-ap-300-s-und-ladegeraet-al-301\/","title":{"rendered":"STIHL BRA 500 Set mit 2 Akkus AP 300 S und Ladeger\u00e4t AL 301"},"content":{"rendered":"<p>Das r\u00fcckentragbare Akku-Blasger\u00e4t STIHL BRA 500 ist die ideale Wahl f\u00fcr Profis in der Garten- und Landschaftspflege sowie f\u00fcr den kommunalen Einsatz. Dank seiner enormen Blasleistung von bis zu 32 N lassen sich auch schweres und nasses Laub, Grasschnitt, Schnittgut oder Unrat auf gro\u00dfen Fl\u00e4chen, in Parks, auf Wegen und Stra\u00dfen schnell und effizient entfernen. Dank des STIHL Noise Reduction Systems arbeitet das BRA 500 besonders leise und ist daher ideal f\u00fcr den Einsatz in l\u00e4rmempfindlichen Bereichen. Der reduzierte hochfrequente L\u00e4rm sorgt zudem f\u00fcr einen angenehmeren Klang.   <\/p>\n<p>Der praktisch verschlei\u00dffreie EC-Motor \u00fcberzeugt durch leisen Betrieb und reduzierte Vibrationen. Das BRA 500 bezieht seine Energie aus 2 STIHL AP Akkus, die \u00fcber die gesamte Laufzeit eine konstant hohe Blasleistung gew\u00e4hrleisten. \u00dcber die digitale Bedieneinheit am einh\u00e4ndigen Multifunktionsgriff l\u00e4sst sich die Blasleistung bequem an die Anwendung anpassen: W\u00e4hlen Sie zwischen 3 Leistungsstufen oder aktivieren Sie den permanenten Boost-Modus. Au\u00dferdem k\u00f6nnen hier der Ladezustand der Akkus und weitere Betriebsinformationen angezeigt werden.   <\/p>\n<p>Das BRA 500 ist serienm\u00e4\u00dfig mit dem HMI ADVANCE PLUS Modul und STIHL connected ausgestattet. So l\u00e4sst sich beispielsweise \u00fcber die App ein Energiesparmodus aktivieren, wenn nicht die volle Leistung ben\u00f6tigt wird \u2013 dies verl\u00e4ngert die Akkulaufzeit deutlich. <\/p>\n<p>F\u00fcr komfortable Nutzung ist das Blasrohr schnell verstellbar und l\u00e4sst sich in engen R\u00e4umen einfach verk\u00fcrzen. Das ergonomische Tragesystem mit S-f\u00f6rmigen Schultergurten und H\u00fcftgurt verteilt das Gewicht gleichm\u00e4\u00dfig und gew\u00e4hrleistet auch bei l\u00e4ngeren Eins\u00e4tzen hohen Tragekomfort. <\/p>\n<p>&nbsp;<\/p>\n<p>Set bestehend aus:<\/p>\n<p>1 Blasger\u00e4t STIHL BRA 500<\/p>\n<p>2 Akkus AP 300 S<\/p>\n<p>1 Ladeger\u00e4t AL 301<\/p>\n","protected":false},"excerpt":{"rendered":"<p>Das r\u00fcckentragbare Akku-Blasger\u00e4t STIHL BRA 500 ist die ideale Wahl f\u00fcr Profis in der Garten- und Landschaftspflege sowie f\u00fcr den<\/p>\n","protected":false},"featured_media":830284,"template":"","meta":{"_seopress_robots_primary_cat":"none","_seopress_titles_title":"","_seopress_titles_desc":"","_seopress_robots_index":""},"product_brand":[3554],"product_cat":[1654,1641,169],"product_tag":[],"class_list":{"0":"post-830283","1":"product","2":"type-product","3":"status-publish","4":"has-post-thumbnail","6":"product_brand-stihl-de","7":"product_cat-akku-geblase","8":"product_cat-geblase-und-staubsauger","9":"product_cat-maschinen","10":"sws-gruppo-macchinari-de","11":"sws-conto-ricavi-merci-rivendita-macchinari-de","12":"sws-gruppo-iva-iva81-de","14":"first","15":"instock","16":"sale","17":"shipping-taxable","18":"purchasable","19":"product-type-simple"},"_links":{"self":[{"href":"https:\/\/lucacastelli.com\/de\/wp-json\/wp\/v2\/product\/830283","targetHints":{"allow":["GET"]}}],"collection":[{"href":"https:\/\/lucacastelli.com\/de\/wp-json\/wp\/v2\/product"}],"about":[{"href":"https:\/\/lucacastelli.com\/de\/wp-json\/wp\/v2\/types\/product"}],"wp:featuredmedia":[{"embeddable":true,"href":"https:\/\/lucacastelli.com\/de\/wp-json\/wp\/v2\/media\/830284"}],"wp:attachment":[{"href":"https:\/\/lucacastelli.com\/de\/wp-json\/wp\/v2\/media?parent=830283"}],"wp:term":[{"taxonomy":"product_brand","embeddable":true,"href":"https:\/\/lucacastelli.com\/de\/wp-json\/wp\/v2\/product_brand?post=830283"},{"taxonomy":"product_cat","embeddable":true,"href":"https:\/\/lucacastelli.com\/de\/wp-json\/wp\/v2\/product_cat?post=830283"},{"taxonomy":"product_tag","embeddable":true,"href":"https:\/\/lucacastelli.com\/de\/wp-json\/wp\/v2\/product_tag?post=830283"}],"curies":[{"name":"wp","href":"https:\/\/api.w.org\/{rel}","templated":true}]}}