{"id":830184,"date":"2026-02-22T15:23:58","date_gmt":"2026-02-22T14:23:58","guid":{"rendered":"https:\/\/lucacastelli.com\/prodotto\/milwaukee-rueckentragbares-blasgeraet-2\/"},"modified":"2026-02-22T15:23:58","modified_gmt":"2026-02-22T14:23:58","slug":"milwaukee-rueckentragbares-blasgeraet-2","status":"publish","type":"product","link":"https:\/\/lucacastelli.com\/de\/produkt\/milwaukee-rueckentragbares-blasgeraet-2\/","title":{"rendered":"MILWAUKEE R\u00fcckentragbares Blasger\u00e4t"},"content":{"rendered":"<p>MXF BPB-122<br \/>\nMX FUEL\u2122 R\u00fcckentragbares Blasger\u00e4t<\/p>\n<p>2 x MXF HD812 Akkupack, MXF SC Ladeger\u00e4t, geliefert ohne Kitbox oder Tasche, Rucksack, Tragegurt, Flachd\u00fcse, Rundd\u00fcse<br \/>\n4058546615383<\/p>\n","protected":false},"excerpt":{"rendered":"<p>MXF BPB-122 MX FUEL\u2122 R\u00fcckentragbares Blasger\u00e4t 2 x MXF HD812 Akkupack, MXF SC Ladeger\u00e4t, geliefert ohne Kitbox oder Tasche, Rucksack,<\/p>\n","protected":false},"featured_media":738283,"template":"","meta":{"_seopress_robots_primary_cat":"","_seopress_titles_title":"","_seopress_titles_desc":"","_seopress_robots_index":""},"product_brand":[3656],"product_cat":[1654,1641,169],"product_tag":[6835],"class_list":{"0":"post-830184","1":"product","2":"type-product","3":"status-publish","4":"has-post-thumbnail","6":"product_brand-milwaukee-de","7":"product_cat-akku-geblase","8":"product_cat-geblase-und-staubsauger","9":"product_cat-maschinen","10":"product_tag-imp-26-mw_new","11":"sws-gruppo-macchinari-de","12":"sws-conto-ricavi-merci-rivendita-macchinari-de","13":"sws-gruppo-iva-iva81-de","15":"first","16":"instock","17":"sale","18":"shipping-taxable","19":"purchasable","20":"product-type-simple"},"_links":{"self":[{"href":"https:\/\/lucacastelli.com\/de\/wp-json\/wp\/v2\/product\/830184","targetHints":{"allow":["GET"]}}],"collection":[{"href":"https:\/\/lucacastelli.com\/de\/wp-json\/wp\/v2\/product"}],"about":[{"href":"https:\/\/lucacastelli.com\/de\/wp-json\/wp\/v2\/types\/product"}],"wp:featuredmedia":[{"embeddable":true,"href":"https:\/\/lucacastelli.com\/de\/wp-json\/wp\/v2\/media\/738283"}],"wp:attachment":[{"href":"https:\/\/lucacastelli.com\/de\/wp-json\/wp\/v2\/media?parent=830184"}],"wp:term":[{"taxonomy":"product_brand","embeddable":true,"href":"https:\/\/lucacastelli.com\/de\/wp-json\/wp\/v2\/product_brand?post=830184"},{"taxonomy":"product_cat","embeddable":true,"href":"https:\/\/lucacastelli.com\/de\/wp-json\/wp\/v2\/product_cat?post=830184"},{"taxonomy":"product_tag","embeddable":true,"href":"https:\/\/lucacastelli.com\/de\/wp-json\/wp\/v2\/product_tag?post=830184"}],"curies":[{"name":"wp","href":"https:\/\/api.w.org\/{rel}","templated":true}]}}