{"id":829684,"date":"2025-09-30T16:19:59","date_gmt":"2025-09-30T14:19:59","guid":{"rendered":"https:\/\/lucacastelli.com\/prodotto\/crazy-shirt-ionic-2\/"},"modified":"2025-09-30T16:19:59","modified_gmt":"2025-09-30T14:19:59","slug":"crazy-shirt-ionic-2","status":"publish","type":"product","link":"https:\/\/lucacastelli.com\/de\/produkt\/crazy-shirt-ionic-2\/","title":{"rendered":"CRAZY SHIRT IONIC"},"content":{"rendered":"<p data-start=\"128\" data-end=\"141\"><strong data-start=\"128\" data-end=\"139\">BEGRIFF<\/strong><\/p>\n<ul data-start=\"142\" data-end=\"253\">\n<li data-start=\"142\" data-end=\"173\">\n<p data-start=\"144\" data-end=\"173\">Kontrastierende flache N\u00e4hte<\/p>\n<\/li>\n<li data-start=\"174\" data-end=\"195\">\n<p data-start=\"176\" data-end=\"195\">S-Caf\u00e9-Eins\u00e4tze<\/p>\n<\/li>\n<li data-start=\"196\" data-end=\"231\">\n<p data-start=\"198\" data-end=\"231\">Sch\u00fctzendes Nackenband<\/p>\n<\/li>\n<li data-start=\"232\" data-end=\"253\">\n<p data-start=\"234\" data-end=\"253\">Reflektierende Logos<\/p>\n<\/li>\n<\/ul>\n<p data-start=\"255\" data-end=\"439\"><strong data-start=\"255\" data-end=\"267\">EIGENSCHAFTEN<\/strong><br data-start=\"267\" data-end=\"270\">Das ideale T-Shirt f\u00fcr Trekking und alle Aktivit\u00e4ten in den Bergen. Teil der mittlerweile ikonischen <strong data-start=\"358\" data-end=\"367\">Ionic<\/strong>-Familie, kehrt dieses Jahr mit einem erneuerten Rundhalsausschnitt-Design zur\u00fcck. <\/p>\n<p data-start=\"441\" data-end=\"586\">Unser beliebtestes Modell kombiniert ein technisch fortschrittliches Gewebe mit modernen Linien und sorgf\u00e4ltigen Details und bietet einen aktuellen und vielseitigen Look.<\/p>\n<p data-start=\"588\" data-end=\"790\">Hergestellt aus <strong data-start=\"613\" data-end=\"627\">Performesh<\/strong>-Mikrofaser mit Polyestereins\u00e4tzen, die mit <strong data-start=\"690\" data-end=\"700\">S-Caf\u00e9<\/strong>-Geruchshemmungstechnologie behandelt sind, garantiert sie Atmungsaktivit\u00e4t, Komfort und Frische auch bei intensivsten Aktivit\u00e4ten.<\/p>\n","protected":false},"excerpt":{"rendered":"<p>BEGRIFF Kontrastierende flache N\u00e4hte S-Caf\u00e9-Eins\u00e4tze Sch\u00fctzendes Nackenband Reflektierende Logos EIGENSCHAFTENDas ideale T-Shirt f\u00fcr Trekking und alle Aktivit\u00e4ten in den Bergen.<\/p>\n","protected":false},"featured_media":633584,"template":"","meta":{"_seopress_robots_primary_cat":"none","_seopress_titles_title":"","_seopress_titles_desc":"","_seopress_robots_index":""},"product_brand":[3413],"product_cat":[21,189,200],"product_tag":[],"class_list":{"0":"post-829684","1":"product","2":"type-product","3":"status-publish","4":"has-post-thumbnail","6":"product_brand-crazy","7":"product_cat-abbigliamento","8":"product_cat-abbigliamento-per-il-tempo-libero","9":"product_cat-abbigliamento-da-donna","10":"sws-gruppo-abb-libero-de","11":"sws-conto-ricavi-merci-rivendita-abbigliamento-de","12":"sws-gruppo-iva-iva81-de","14":"first","15":"instock","16":"sale","17":"shipping-taxable","18":"purchasable","19":"product-type-variable","20":"has-default-attributes"},"_links":{"self":[{"href":"https:\/\/lucacastelli.com\/de\/wp-json\/wp\/v2\/product\/829684","targetHints":{"allow":["GET"]}}],"collection":[{"href":"https:\/\/lucacastelli.com\/de\/wp-json\/wp\/v2\/product"}],"about":[{"href":"https:\/\/lucacastelli.com\/de\/wp-json\/wp\/v2\/types\/product"}],"wp:featuredmedia":[{"embeddable":true,"href":"https:\/\/lucacastelli.com\/de\/wp-json\/wp\/v2\/media\/633584"}],"wp:attachment":[{"href":"https:\/\/lucacastelli.com\/de\/wp-json\/wp\/v2\/media?parent=829684"}],"wp:term":[{"taxonomy":"product_brand","embeddable":true,"href":"https:\/\/lucacastelli.com\/de\/wp-json\/wp\/v2\/product_brand?post=829684"},{"taxonomy":"product_cat","embeddable":true,"href":"https:\/\/lucacastelli.com\/de\/wp-json\/wp\/v2\/product_cat?post=829684"},{"taxonomy":"product_tag","embeddable":true,"href":"https:\/\/lucacastelli.com\/de\/wp-json\/wp\/v2\/product_tag?post=829684"}],"curies":[{"name":"wp","href":"https:\/\/api.w.org\/{rel}","templated":true}]}}